{"id":5620,"date":"2024-08-21T08:37:08","date_gmt":"2024-08-21T06:37:08","guid":{"rendered":"https:\/\/test.forma5.com\/producto\/unkategorisiert\/modular-lets-talk\/"},"modified":"2025-06-03T11:54:08","modified_gmt":"2025-06-03T09:54:08","slug":"lets-talk","status":"publish","type":"product","link":"https:\/\/test.forma5.com\/de\/tische\/besprechungsraume\/lets-talk\/","title":{"rendered":"Let&#8217;s Talk"},"content":{"rendered":"<p><span data-sheets-root=\"1\">Let&#8217;s Talk ist sich der Bedeutung von Arbeitsbesprechungen bewusst und stellt ein innovatives Konzept f\u00fcr Besprechungsr\u00e4ume vor, das die Teamarbeit und die Entwicklung kreativer Ideen f\u00f6rdert, die f\u00fcr ein modernes Unternehmen unerl\u00e4sslich sind.<\/span><\/p>\n","protected":false},"excerpt":{"rendered":"<h2><span data-sheets-root=\"1\">Ein neues Konzept zur F\u00f6rderung von <em>Teamarbeit und kreativen Ideen<\/em><\/span><\/h2>\n","protected":false},"featured_media":5622,"template":"","meta":{"_acf_changed":false},"product_brand":[],"product_cat":[182,234],"product_tag":[],"class_list":{"0":"post-5620","1":"product","2":"type-product","3":"status-publish","4":"has-post-thumbnail","6":"product_cat-tische","7":"product_cat-besprechungsraume","9":"first","10":"instock","11":"shipping-taxable","12":"product-type-simple"},"acf":{"bigger_product_image":"","background-text":"","product_designer":[1040],"inactive_designer_info":{"custom_designer_name":"","custom_designer_image":null},"scene_gallery":[3505,3513,2747,3509],"gallery_bg_color":"#8e8e8e","details_gallery":[{"slide_text":"<span data-sheets-root=\"1\">Ein perfektes Set f\u00fcr Warte- und Empfangsbereiche, Speises\u00e4le, B\u00fcros, dynamische Besprechungsr\u00e4ume oder R\u00e4ume f\u00fcr die Zusammenarbeit.<\/span>","slide_image":5621},{"slide_text":"A plus for concentration in open-plan offices.","slide_image":2749}],"product_video":{"video_link":"","video_cover":""},"product_downloads_path":"mesas-oficina\/reuniones","product_downloads":[{"select_file_type":"normal","file_type":"catalog","file_type_special":"","file_name":"Lets.pdf","file_customlabel":"Catalogue"},{"select_file_type":"normal","file_type":"technicalFeatures","file_type_special":"","file_name":"_CCTT_Lets_Talk.pdf","file_customlabel":"Technical Features"},{"select_file_type":"normal","file_type":"images","file_type_special":"","file_name":"04_Let's Talk.zip","file_customlabel":"Images"},{"select_file_type":"normal","file_type":"autocad","file_type_special":"","file_name":"Lets talk.zip","file_customlabel":"3D Geometry"},{"select_file_type":"normal","file_type":"revitBim","file_type_special":"","file_name":"LETS_TALK.zip","file_customlabel":"Revit\/BIM"}],"grid_image_gallery":null},"yoast_head":"<!-- This site is optimized with the Yoast SEO plugin v25.2 - https:\/\/yoast.com\/wordpress\/plugins\/seo\/ -->\n<title>\u25b6 Entdecken Sie &#039;Let&#039;s Talk&#039;: die Konferenztische f\u00fcr B\u00fcros - Gruppe Forma 5<\/title>\n<meta name=\"description\" content=\"Entdecken Sie unser modulares Sofa mit optionalem Tisch f\u00fcr B\u00fcros der Gruppe Forma 5, eine flexible und elegante L\u00f6sung f\u00fcr moderne Arbeitsr\u00e4ume.\" \/>\n<meta name=\"robots\" content=\"noindex, follow, max-snippet:-1, max-image-preview:large, max-video-preview:-1\" \/>\n<meta property=\"og:locale\" content=\"de_DE\" \/>\n<meta property=\"og:type\" content=\"article\" \/>\n<meta property=\"og:title\" content=\"\u25b6 Entdecken Sie &#039;Let&#039;s Talk&#039;: die Konferenztische f\u00fcr B\u00fcros - Gruppe Forma 5\" \/>\n<meta property=\"og:description\" content=\"Entdecken Sie unser modulares Sofa mit optionalem Tisch f\u00fcr B\u00fcros der Gruppe Forma 5, eine flexible und elegante L\u00f6sung f\u00fcr moderne Arbeitsr\u00e4ume.\" \/>\n<meta property=\"og:url\" content=\"https:\/\/test.forma5.com\/de\/tische\/besprechungsraume\/lets-talk\/\" \/>\n<meta property=\"og:site_name\" content=\"Forma 5\" \/>\n<meta property=\"article:modified_time\" content=\"2025-06-03T09:54:08+00:00\" \/>\n<meta property=\"og:image\" content=\"https:\/\/test.forma5.com\/wp-content\/uploads\/letstalk.webp\" \/>\n\t<meta property=\"og:image:width\" content=\"1200\" \/>\n\t<meta property=\"og:image:height\" content=\"1200\" \/>\n\t<meta property=\"og:image:type\" content=\"image\/webp\" \/>\n<meta name=\"twitter:card\" content=\"summary_large_image\" \/>\n<meta name=\"twitter:label1\" content=\"Gesch\u00e4tzte Lesezeit\" \/>\n\t<meta name=\"twitter:data1\" content=\"1\u00a0Minute\" \/>\n<script type=\"application\/ld+json\" class=\"yoast-schema-graph\">{\"@context\":\"https:\/\/schema.org\",\"@graph\":[{\"@type\":\"WebPage\",\"@id\":\"https:\/\/test.forma5.com\/de\/tische\/besprechungsraume\/lets-talk\/\",\"url\":\"https:\/\/test.forma5.com\/de\/tische\/besprechungsraume\/lets-talk\/\",\"name\":\"\u25b6 Entdecken Sie 'Let's Talk': die Konferenztische f\u00fcr B\u00fcros - Gruppe Forma 5\",\"isPartOf\":{\"@id\":\"https:\/\/test.forma5.com\/de\/#website\"},\"primaryImageOfPage\":{\"@id\":\"https:\/\/test.forma5.com\/de\/tische\/besprechungsraume\/lets-talk\/#primaryimage\"},\"image\":{\"@id\":\"https:\/\/test.forma5.com\/de\/tische\/besprechungsraume\/lets-talk\/#primaryimage\"},\"thumbnailUrl\":\"https:\/\/test.forma5.com\/wp-content\/uploads\/letstalk.webp\",\"datePublished\":\"2024-08-21T06:37:08+00:00\",\"dateModified\":\"2025-06-03T09:54:08+00:00\",\"description\":\"Entdecken Sie unser modulares Sofa mit optionalem Tisch f\u00fcr B\u00fcros der Gruppe Forma 5, eine flexible und elegante L\u00f6sung f\u00fcr moderne Arbeitsr\u00e4ume.\",\"breadcrumb\":{\"@id\":\"https:\/\/test.forma5.com\/de\/tische\/besprechungsraume\/lets-talk\/#breadcrumb\"},\"inLanguage\":\"de\",\"potentialAction\":[{\"@type\":\"ReadAction\",\"target\":[\"https:\/\/test.forma5.com\/de\/tische\/besprechungsraume\/lets-talk\/\"]}]},{\"@type\":\"ImageObject\",\"inLanguage\":\"de\",\"@id\":\"https:\/\/test.forma5.com\/de\/tische\/besprechungsraume\/lets-talk\/#primaryimage\",\"url\":\"https:\/\/test.forma5.com\/wp-content\/uploads\/letstalk.webp\",\"contentUrl\":\"https:\/\/test.forma5.com\/wp-content\/uploads\/letstalk.webp\",\"width\":1200,\"height\":1200},{\"@type\":\"BreadcrumbList\",\"@id\":\"https:\/\/test.forma5.com\/de\/tische\/besprechungsraume\/lets-talk\/#breadcrumb\",\"itemListElement\":[{\"@type\":\"ListItem\",\"position\":1,\"name\":\"Portada\",\"item\":\"https:\/\/test.forma5.com\/de\/\"},{\"@type\":\"ListItem\",\"position\":2,\"name\":\"Productos\",\"item\":\"https:\/\/test.forma5.com\/shop\/\"},{\"@type\":\"ListItem\",\"position\":3,\"name\":\"Let&#8217;s Talk\"}]},{\"@type\":\"WebSite\",\"@id\":\"https:\/\/test.forma5.com\/de\/#website\",\"url\":\"https:\/\/test.forma5.com\/de\/\",\"name\":\"Forma 5\",\"description\":\"\",\"publisher\":{\"@id\":\"https:\/\/test.forma5.com\/de\/#organization\"},\"potentialAction\":[{\"@type\":\"SearchAction\",\"target\":{\"@type\":\"EntryPoint\",\"urlTemplate\":\"https:\/\/test.forma5.com\/de\/?s={search_term_string}\"},\"query-input\":{\"@type\":\"PropertyValueSpecification\",\"valueRequired\":true,\"valueName\":\"search_term_string\"}}],\"inLanguage\":\"de\"},{\"@type\":\"Organization\",\"@id\":\"https:\/\/test.forma5.com\/de\/#organization\",\"name\":\"Forma 5\",\"url\":\"https:\/\/test.forma5.com\/de\/\",\"logo\":{\"@type\":\"ImageObject\",\"inLanguage\":\"de\",\"@id\":\"https:\/\/test.forma5.com\/de\/#\/schema\/logo\/image\/\",\"url\":\"https:\/\/test.forma5.com\/wp-content\/uploads\/logo.svg\",\"contentUrl\":\"https:\/\/test.forma5.com\/wp-content\/uploads\/logo.svg\",\"width\":169,\"height\":36,\"caption\":\"Forma 5\"},\"image\":{\"@id\":\"https:\/\/test.forma5.com\/de\/#\/schema\/logo\/image\/\"}}]}<\/script>\n<!-- \/ Yoast SEO plugin. -->","yoast_head_json":{"title":"\u25b6 Entdecken Sie 'Let's Talk': die Konferenztische f\u00fcr B\u00fcros - Gruppe Forma 5","description":"Entdecken Sie unser modulares Sofa mit optionalem Tisch f\u00fcr B\u00fcros der Gruppe Forma 5, eine flexible und elegante L\u00f6sung f\u00fcr moderne Arbeitsr\u00e4ume.","robots":{"index":"noindex","follow":"follow","max-snippet":"max-snippet:-1","max-image-preview":"max-image-preview:large","max-video-preview":"max-video-preview:-1"},"og_locale":"de_DE","og_type":"article","og_title":"\u25b6 Entdecken Sie 'Let's Talk': die Konferenztische f\u00fcr B\u00fcros - Gruppe Forma 5","og_description":"Entdecken Sie unser modulares Sofa mit optionalem Tisch f\u00fcr B\u00fcros der Gruppe Forma 5, eine flexible und elegante L\u00f6sung f\u00fcr moderne Arbeitsr\u00e4ume.","og_url":"https:\/\/test.forma5.com\/de\/tische\/besprechungsraume\/lets-talk\/","og_site_name":"Forma 5","article_modified_time":"2025-06-03T09:54:08+00:00","og_image":[{"width":1200,"height":1200,"url":"https:\/\/test.forma5.com\/wp-content\/uploads\/letstalk.webp","type":"image\/webp"}],"twitter_card":"summary_large_image","twitter_misc":{"Gesch\u00e4tzte Lesezeit":"1\u00a0Minute"},"schema":{"@context":"https:\/\/schema.org","@graph":[{"@type":"WebPage","@id":"https:\/\/test.forma5.com\/de\/tische\/besprechungsraume\/lets-talk\/","url":"https:\/\/test.forma5.com\/de\/tische\/besprechungsraume\/lets-talk\/","name":"\u25b6 Entdecken Sie 'Let's Talk': die Konferenztische f\u00fcr B\u00fcros - Gruppe Forma 5","isPartOf":{"@id":"https:\/\/test.forma5.com\/de\/#website"},"primaryImageOfPage":{"@id":"https:\/\/test.forma5.com\/de\/tische\/besprechungsraume\/lets-talk\/#primaryimage"},"image":{"@id":"https:\/\/test.forma5.com\/de\/tische\/besprechungsraume\/lets-talk\/#primaryimage"},"thumbnailUrl":"https:\/\/test.forma5.com\/wp-content\/uploads\/letstalk.webp","datePublished":"2024-08-21T06:37:08+00:00","dateModified":"2025-06-03T09:54:08+00:00","description":"Entdecken Sie unser modulares Sofa mit optionalem Tisch f\u00fcr B\u00fcros der Gruppe Forma 5, eine flexible und elegante L\u00f6sung f\u00fcr moderne Arbeitsr\u00e4ume.","breadcrumb":{"@id":"https:\/\/test.forma5.com\/de\/tische\/besprechungsraume\/lets-talk\/#breadcrumb"},"inLanguage":"de","potentialAction":[{"@type":"ReadAction","target":["https:\/\/test.forma5.com\/de\/tische\/besprechungsraume\/lets-talk\/"]}]},{"@type":"ImageObject","inLanguage":"de","@id":"https:\/\/test.forma5.com\/de\/tische\/besprechungsraume\/lets-talk\/#primaryimage","url":"https:\/\/test.forma5.com\/wp-content\/uploads\/letstalk.webp","contentUrl":"https:\/\/test.forma5.com\/wp-content\/uploads\/letstalk.webp","width":1200,"height":1200},{"@type":"BreadcrumbList","@id":"https:\/\/test.forma5.com\/de\/tische\/besprechungsraume\/lets-talk\/#breadcrumb","itemListElement":[{"@type":"ListItem","position":1,"name":"Portada","item":"https:\/\/test.forma5.com\/de\/"},{"@type":"ListItem","position":2,"name":"Productos","item":"https:\/\/test.forma5.com\/shop\/"},{"@type":"ListItem","position":3,"name":"Let&#8217;s Talk"}]},{"@type":"WebSite","@id":"https:\/\/test.forma5.com\/de\/#website","url":"https:\/\/test.forma5.com\/de\/","name":"Forma 5","description":"","publisher":{"@id":"https:\/\/test.forma5.com\/de\/#organization"},"potentialAction":[{"@type":"SearchAction","target":{"@type":"EntryPoint","urlTemplate":"https:\/\/test.forma5.com\/de\/?s={search_term_string}"},"query-input":{"@type":"PropertyValueSpecification","valueRequired":true,"valueName":"search_term_string"}}],"inLanguage":"de"},{"@type":"Organization","@id":"https:\/\/test.forma5.com\/de\/#organization","name":"Forma 5","url":"https:\/\/test.forma5.com\/de\/","logo":{"@type":"ImageObject","inLanguage":"de","@id":"https:\/\/test.forma5.com\/de\/#\/schema\/logo\/image\/","url":"https:\/\/test.forma5.com\/wp-content\/uploads\/logo.svg","contentUrl":"https:\/\/test.forma5.com\/wp-content\/uploads\/logo.svg","width":169,"height":36,"caption":"Forma 5"},"image":{"@id":"https:\/\/test.forma5.com\/de\/#\/schema\/logo\/image\/"}}]}},"_links":{"self":[{"href":"https:\/\/test.forma5.com\/de\/wp-json\/wp\/v2\/product\/5620","targetHints":{"allow":["GET"]}}],"collection":[{"href":"https:\/\/test.forma5.com\/de\/wp-json\/wp\/v2\/product"}],"about":[{"href":"https:\/\/test.forma5.com\/de\/wp-json\/wp\/v2\/types\/product"}],"acf:attachment":[{"embeddable":true,"href":"https:\/\/test.forma5.com\/de\/wp-json\/wp\/v2\/media\/3509"},{"embeddable":true,"href":"https:\/\/test.forma5.com\/de\/wp-json\/wp\/v2\/media\/2747"},{"embeddable":true,"href":"https:\/\/test.forma5.com\/de\/wp-json\/wp\/v2\/media\/3513"},{"embeddable":true,"href":"https:\/\/test.forma5.com\/de\/wp-json\/wp\/v2\/media\/3505"}],"acf:post":[{"embeddable":true,"href":"https:\/\/test.forma5.com\/de\/wp-json\/wp\/v2\/disenador\/1040"}],"wp:featuredmedia":[{"embeddable":true,"href":"https:\/\/test.forma5.com\/de\/wp-json\/wp\/v2\/media\/5622"}],"wp:attachment":[{"href":"https:\/\/test.forma5.com\/de\/wp-json\/wp\/v2\/media?parent=5620"}],"wp:term":[{"taxonomy":"product_brand","embeddable":true,"href":"https:\/\/test.forma5.com\/de\/wp-json\/wp\/v2\/product_brand?post=5620"},{"taxonomy":"product_cat","embeddable":true,"href":"https:\/\/test.forma5.com\/de\/wp-json\/wp\/v2\/product_cat?post=5620"},{"taxonomy":"product_tag","embeddable":true,"href":"https:\/\/test.forma5.com\/de\/wp-json\/wp\/v2\/product_tag?post=5620"}],"curies":[{"name":"wp","href":"https:\/\/api.w.org\/{rel}","templated":true}]}}