{"id":5612,"date":"2025-01-14T15:09:07","date_gmt":"2025-01-14T14:09:07","guid":{"rendered":"https:\/\/test.forma5.com\/producto\/unkategorisiert\/escritorio-hexa\/"},"modified":"2025-05-27T15:19:12","modified_gmt":"2025-05-27T13:19:12","slug":"hexa","status":"publish","type":"product","link":"https:\/\/test.forma5.com\/de\/tische\/besprechungsraume\/hexa\/","title":{"rendered":"Besprechungstisch, Hexa"},"content":{"rendered":"<p><span data-sheets-root=\"1\">Die Geometrie von Hexa macht aus diesem Schreibtisch ein einzigartiges und \u00e4sthetisches M\u00f6belst\u00fcck, das durch das Design der Aluminiumbeine \u00fcberzeugt. Neben seiner \u00c4sthetik zeichnet sich Hexa durch seine Funktionalit\u00e4t und die gro\u00dfe Auswahl an innovativen und eleganten Oberfl\u00e4chen aus, die Frische und Pers\u00f6nlichkeit in moderne Arbeitsumgebungen bringen.<\/span><\/p>\n","protected":false},"excerpt":{"rendered":"<h2><span data-sheets-root=\"1\">Seine Geometrie ist <em>einzigartig, differenziert<\/em> und <em>\u00e4sthetisch<\/em><\/span><\/h2>\n","protected":false},"featured_media":6426,"template":"","meta":{"_acf_changed":false},"product_brand":[],"product_cat":[182,234],"product_tag":[],"class_list":{"0":"post-5612","1":"product","2":"type-product","3":"status-publish","4":"has-post-thumbnail","6":"product_cat-tische","7":"product_cat-besprechungsraume","9":"first","10":"instock","11":"shipping-taxable","12":"product-type-simple"},"acf":{"bigger_product_image":["isBigger"],"background-text":"Reuni\u00f3n","product_designer":[2309],"inactive_designer_info":{"custom_designer_name":"Ramos Bassols","custom_designer_image":2610},"scene_gallery":[4107,4109,4111],"gallery_bg_color":"#adadad","details_gallery":[{"slide_text":"<span data-sheets-root=\"1\">Neue Materialien und innovative Oberfl\u00e4chen machen Hexa zu einer exklusiven Wahl f\u00fcr das moderne B\u00fcro.<\/span>","slide_image":4113},{"slide_text":"<span data-sheets-root=\"1\">Das organische Konzept von Hexa bringt Dynamik ins B\u00fcro und f\u00f6rdert die flie\u00dfende Interaktion zwischen den Nutzern.<\/span>\r\n\r\n&nbsp;","slide_image":4115}],"product_video":{"video_link":"","video_cover":""},"product_downloads_path":"mesas-oficina\/escritorio","product_downloads":[{"select_file_type":"normal","file_type":"catalog","file_type_special":"","file_name":"C_Hexa.pdf","file_customlabel":"Catalogue "},{"select_file_type":"normal","file_type":"productCertificate","file_type_special":"","file_name":"HEXA_rev02_Firmado.pdf","file_customlabel":"Product Certificate"},{"select_file_type":"normal","file_type":"images","file_type_special":"","file_name":"03_Hexa.zip","file_customlabel":"Images"},{"select_file_type":"normal","file_type":"autocad","file_type_special":"","file_name":"Hexa - Meeting Table (3D - FBX)","file_customlabel":"3D Geometry"},{"select_file_type":"normal","file_type":"revitBim","file_type_special":"","file_name":"HEXA MEETING","file_customlabel":"Revit\/BIM"}],"grid_image_gallery":null},"yoast_head":"<!-- This site is optimized with the Yoast SEO plugin v25.2 - https:\/\/yoast.com\/wordpress\/plugins\/seo\/ -->\n<title>\u25b6 Entdecken Sie &#039;Hexa&#039;: unseren Konferenztisch f\u00fcr B\u00fcros - Gruppe Forma 5<\/title>\n<meta name=\"description\" content=\"Entdecken Sie unseren vielseitigen Konferenz- und Schreibtisch der Forma 5 Gruppe. Der perfekte Mix aus modernem Design f\u00fcr Ihren Arbeitsplatz.\" \/>\n<meta name=\"robots\" content=\"noindex, follow, max-snippet:-1, max-image-preview:large, max-video-preview:-1\" \/>\n<meta property=\"og:locale\" content=\"de_DE\" \/>\n<meta property=\"og:type\" content=\"article\" \/>\n<meta property=\"og:title\" content=\"\u25b6 Entdecken Sie &#039;Hexa&#039;: unseren Konferenztisch f\u00fcr B\u00fcros - Gruppe Forma 5\" \/>\n<meta property=\"og:description\" content=\"Entdecken Sie unseren vielseitigen Konferenz- und Schreibtisch der Forma 5 Gruppe. Der perfekte Mix aus modernem Design f\u00fcr Ihren Arbeitsplatz.\" \/>\n<meta property=\"og:url\" content=\"https:\/\/test.forma5.com\/de\/tische\/besprechungsraume\/hexa\/\" \/>\n<meta property=\"og:site_name\" content=\"Forma 5\" \/>\n<meta property=\"article:modified_time\" content=\"2025-05-27T13:19:12+00:00\" \/>\n<meta property=\"og:image\" content=\"https:\/\/test.forma5.com\/wp-content\/uploads\/Retoque-Cuore-1.png\" \/>\n\t<meta property=\"og:image:width\" content=\"800\" \/>\n\t<meta property=\"og:image:height\" content=\"800\" \/>\n\t<meta property=\"og:image:type\" content=\"image\/png\" \/>\n<meta name=\"twitter:card\" content=\"summary_large_image\" \/>\n<meta name=\"twitter:label1\" content=\"Gesch\u00e4tzte Lesezeit\" \/>\n\t<meta name=\"twitter:data1\" content=\"1\u00a0Minute\" \/>\n<script type=\"application\/ld+json\" class=\"yoast-schema-graph\">{\"@context\":\"https:\/\/schema.org\",\"@graph\":[{\"@type\":\"WebPage\",\"@id\":\"https:\/\/test.forma5.com\/de\/tische\/besprechungsraume\/hexa\/\",\"url\":\"https:\/\/test.forma5.com\/de\/tische\/besprechungsraume\/hexa\/\",\"name\":\"\u25b6 Entdecken Sie 'Hexa': unseren Konferenztisch f\u00fcr B\u00fcros - Gruppe Forma 5\",\"isPartOf\":{\"@id\":\"https:\/\/test.forma5.com\/de\/#website\"},\"primaryImageOfPage\":{\"@id\":\"https:\/\/test.forma5.com\/de\/tische\/besprechungsraume\/hexa\/#primaryimage\"},\"image\":{\"@id\":\"https:\/\/test.forma5.com\/de\/tische\/besprechungsraume\/hexa\/#primaryimage\"},\"thumbnailUrl\":\"https:\/\/test.forma5.com\/wp-content\/uploads\/Retoque-Cuore-1.png\",\"datePublished\":\"2025-01-14T14:09:07+00:00\",\"dateModified\":\"2025-05-27T13:19:12+00:00\",\"description\":\"Entdecken Sie unseren vielseitigen Konferenz- und Schreibtisch der Forma 5 Gruppe. Der perfekte Mix aus modernem Design f\u00fcr Ihren Arbeitsplatz.\",\"breadcrumb\":{\"@id\":\"https:\/\/test.forma5.com\/de\/tische\/besprechungsraume\/hexa\/#breadcrumb\"},\"inLanguage\":\"de\",\"potentialAction\":[{\"@type\":\"ReadAction\",\"target\":[\"https:\/\/test.forma5.com\/de\/tische\/besprechungsraume\/hexa\/\"]}]},{\"@type\":\"ImageObject\",\"inLanguage\":\"de\",\"@id\":\"https:\/\/test.forma5.com\/de\/tische\/besprechungsraume\/hexa\/#primaryimage\",\"url\":\"https:\/\/test.forma5.com\/wp-content\/uploads\/Retoque-Cuore-1.png\",\"contentUrl\":\"https:\/\/test.forma5.com\/wp-content\/uploads\/Retoque-Cuore-1.png\",\"width\":800,\"height\":800},{\"@type\":\"BreadcrumbList\",\"@id\":\"https:\/\/test.forma5.com\/de\/tische\/besprechungsraume\/hexa\/#breadcrumb\",\"itemListElement\":[{\"@type\":\"ListItem\",\"position\":1,\"name\":\"Portada\",\"item\":\"https:\/\/test.forma5.com\/de\/\"},{\"@type\":\"ListItem\",\"position\":2,\"name\":\"Productos\",\"item\":\"https:\/\/test.forma5.com\/shop\/\"},{\"@type\":\"ListItem\",\"position\":3,\"name\":\"Besprechungstisch, Hexa\"}]},{\"@type\":\"WebSite\",\"@id\":\"https:\/\/test.forma5.com\/de\/#website\",\"url\":\"https:\/\/test.forma5.com\/de\/\",\"name\":\"Forma 5\",\"description\":\"\",\"publisher\":{\"@id\":\"https:\/\/test.forma5.com\/de\/#organization\"},\"potentialAction\":[{\"@type\":\"SearchAction\",\"target\":{\"@type\":\"EntryPoint\",\"urlTemplate\":\"https:\/\/test.forma5.com\/de\/?s={search_term_string}\"},\"query-input\":{\"@type\":\"PropertyValueSpecification\",\"valueRequired\":true,\"valueName\":\"search_term_string\"}}],\"inLanguage\":\"de\"},{\"@type\":\"Organization\",\"@id\":\"https:\/\/test.forma5.com\/de\/#organization\",\"name\":\"Forma 5\",\"url\":\"https:\/\/test.forma5.com\/de\/\",\"logo\":{\"@type\":\"ImageObject\",\"inLanguage\":\"de\",\"@id\":\"https:\/\/test.forma5.com\/de\/#\/schema\/logo\/image\/\",\"url\":\"https:\/\/test.forma5.com\/wp-content\/uploads\/logo.svg\",\"contentUrl\":\"https:\/\/test.forma5.com\/wp-content\/uploads\/logo.svg\",\"width\":169,\"height\":36,\"caption\":\"Forma 5\"},\"image\":{\"@id\":\"https:\/\/test.forma5.com\/de\/#\/schema\/logo\/image\/\"}}]}<\/script>\n<!-- \/ Yoast SEO plugin. -->","yoast_head_json":{"title":"\u25b6 Entdecken Sie 'Hexa': unseren Konferenztisch f\u00fcr B\u00fcros - Gruppe Forma 5","description":"Entdecken Sie unseren vielseitigen Konferenz- und Schreibtisch der Forma 5 Gruppe. Der perfekte Mix aus modernem Design f\u00fcr Ihren Arbeitsplatz.","robots":{"index":"noindex","follow":"follow","max-snippet":"max-snippet:-1","max-image-preview":"max-image-preview:large","max-video-preview":"max-video-preview:-1"},"og_locale":"de_DE","og_type":"article","og_title":"\u25b6 Entdecken Sie 'Hexa': unseren Konferenztisch f\u00fcr B\u00fcros - Gruppe Forma 5","og_description":"Entdecken Sie unseren vielseitigen Konferenz- und Schreibtisch der Forma 5 Gruppe. Der perfekte Mix aus modernem Design f\u00fcr Ihren Arbeitsplatz.","og_url":"https:\/\/test.forma5.com\/de\/tische\/besprechungsraume\/hexa\/","og_site_name":"Forma 5","article_modified_time":"2025-05-27T13:19:12+00:00","og_image":[{"width":800,"height":800,"url":"https:\/\/test.forma5.com\/wp-content\/uploads\/Retoque-Cuore-1.png","type":"image\/png"}],"twitter_card":"summary_large_image","twitter_misc":{"Gesch\u00e4tzte Lesezeit":"1\u00a0Minute"},"schema":{"@context":"https:\/\/schema.org","@graph":[{"@type":"WebPage","@id":"https:\/\/test.forma5.com\/de\/tische\/besprechungsraume\/hexa\/","url":"https:\/\/test.forma5.com\/de\/tische\/besprechungsraume\/hexa\/","name":"\u25b6 Entdecken Sie 'Hexa': unseren Konferenztisch f\u00fcr B\u00fcros - Gruppe Forma 5","isPartOf":{"@id":"https:\/\/test.forma5.com\/de\/#website"},"primaryImageOfPage":{"@id":"https:\/\/test.forma5.com\/de\/tische\/besprechungsraume\/hexa\/#primaryimage"},"image":{"@id":"https:\/\/test.forma5.com\/de\/tische\/besprechungsraume\/hexa\/#primaryimage"},"thumbnailUrl":"https:\/\/test.forma5.com\/wp-content\/uploads\/Retoque-Cuore-1.png","datePublished":"2025-01-14T14:09:07+00:00","dateModified":"2025-05-27T13:19:12+00:00","description":"Entdecken Sie unseren vielseitigen Konferenz- und Schreibtisch der Forma 5 Gruppe. Der perfekte Mix aus modernem Design f\u00fcr Ihren Arbeitsplatz.","breadcrumb":{"@id":"https:\/\/test.forma5.com\/de\/tische\/besprechungsraume\/hexa\/#breadcrumb"},"inLanguage":"de","potentialAction":[{"@type":"ReadAction","target":["https:\/\/test.forma5.com\/de\/tische\/besprechungsraume\/hexa\/"]}]},{"@type":"ImageObject","inLanguage":"de","@id":"https:\/\/test.forma5.com\/de\/tische\/besprechungsraume\/hexa\/#primaryimage","url":"https:\/\/test.forma5.com\/wp-content\/uploads\/Retoque-Cuore-1.png","contentUrl":"https:\/\/test.forma5.com\/wp-content\/uploads\/Retoque-Cuore-1.png","width":800,"height":800},{"@type":"BreadcrumbList","@id":"https:\/\/test.forma5.com\/de\/tische\/besprechungsraume\/hexa\/#breadcrumb","itemListElement":[{"@type":"ListItem","position":1,"name":"Portada","item":"https:\/\/test.forma5.com\/de\/"},{"@type":"ListItem","position":2,"name":"Productos","item":"https:\/\/test.forma5.com\/shop\/"},{"@type":"ListItem","position":3,"name":"Besprechungstisch, Hexa"}]},{"@type":"WebSite","@id":"https:\/\/test.forma5.com\/de\/#website","url":"https:\/\/test.forma5.com\/de\/","name":"Forma 5","description":"","publisher":{"@id":"https:\/\/test.forma5.com\/de\/#organization"},"potentialAction":[{"@type":"SearchAction","target":{"@type":"EntryPoint","urlTemplate":"https:\/\/test.forma5.com\/de\/?s={search_term_string}"},"query-input":{"@type":"PropertyValueSpecification","valueRequired":true,"valueName":"search_term_string"}}],"inLanguage":"de"},{"@type":"Organization","@id":"https:\/\/test.forma5.com\/de\/#organization","name":"Forma 5","url":"https:\/\/test.forma5.com\/de\/","logo":{"@type":"ImageObject","inLanguage":"de","@id":"https:\/\/test.forma5.com\/de\/#\/schema\/logo\/image\/","url":"https:\/\/test.forma5.com\/wp-content\/uploads\/logo.svg","contentUrl":"https:\/\/test.forma5.com\/wp-content\/uploads\/logo.svg","width":169,"height":36,"caption":"Forma 5"},"image":{"@id":"https:\/\/test.forma5.com\/de\/#\/schema\/logo\/image\/"}}]}},"_links":{"self":[{"href":"https:\/\/test.forma5.com\/de\/wp-json\/wp\/v2\/product\/5612","targetHints":{"allow":["GET"]}}],"collection":[{"href":"https:\/\/test.forma5.com\/de\/wp-json\/wp\/v2\/product"}],"about":[{"href":"https:\/\/test.forma5.com\/de\/wp-json\/wp\/v2\/types\/product"}],"acf:attachment":[{"embeddable":true,"href":"https:\/\/test.forma5.com\/de\/wp-json\/wp\/v2\/media\/4111"},{"embeddable":true,"href":"https:\/\/test.forma5.com\/de\/wp-json\/wp\/v2\/media\/4109"},{"embeddable":true,"href":"https:\/\/test.forma5.com\/de\/wp-json\/wp\/v2\/media\/4107"}],"acf:post":[{"embeddable":true,"href":"https:\/\/test.forma5.com\/de\/wp-json\/wp\/v2\/disenador\/2309"}],"wp:featuredmedia":[{"embeddable":true,"href":"https:\/\/test.forma5.com\/de\/wp-json\/wp\/v2\/media\/6426"}],"wp:attachment":[{"href":"https:\/\/test.forma5.com\/de\/wp-json\/wp\/v2\/media?parent=5612"}],"wp:term":[{"taxonomy":"product_brand","embeddable":true,"href":"https:\/\/test.forma5.com\/de\/wp-json\/wp\/v2\/product_brand?post=5612"},{"taxonomy":"product_cat","embeddable":true,"href":"https:\/\/test.forma5.com\/de\/wp-json\/wp\/v2\/product_cat?post=5612"},{"taxonomy":"product_tag","embeddable":true,"href":"https:\/\/test.forma5.com\/de\/wp-json\/wp\/v2\/product_tag?post=5612"}],"curies":[{"name":"wp","href":"https:\/\/api.w.org\/{rel}","templated":true}]}}