{"id":5609,"date":"2024-08-20T09:44:40","date_gmt":"2024-08-20T07:44:40","guid":{"rendered":"https:\/\/test.forma5.com\/producto\/unkategorisiert\/sala-juntas-drone\/"},"modified":"2025-06-03T12:34:33","modified_gmt":"2025-06-03T10:34:33","slug":"drone","status":"publish","type":"product","link":"https:\/\/test.forma5.com\/de\/tische\/besprechungsraume\/drone\/","title":{"rendered":"Drone"},"content":{"rendered":"<p><span data-sheets-root=\"1\">Drone ist eine Familie von Konferenztischen, die sich durch attraktives Design und hochwertige Materialien auszeichnen. Die Serie bietet eine gro\u00dfe Auswahl an Konfigurationen mit unterschiedlichen Abmessungen, Elektrifizierungsoptionen, Plattenformen und Ausz\u00fcgen. Ein Tisch f\u00fcr die anspruchsvollsten formalen Konferenzr\u00e4ume.<\/span><\/p>\n","protected":false},"excerpt":{"rendered":"<h2><span data-sheets-root=\"1\">Besprechungstische mit <em>ansprechendem Design und edlen Materialien<\/em><\/span><\/h2>\n","protected":false},"featured_media":5611,"template":"","meta":{"_acf_changed":false},"product_brand":[],"product_cat":[182,234],"product_tag":[],"class_list":{"0":"post-5609","1":"product","2":"type-product","3":"status-publish","4":"has-post-thumbnail","6":"product_cat-tische","7":"product_cat-besprechungsraume","9":"first","10":"instock","11":"shipping-taxable","12":"product-type-simple"},"acf":{"bigger_product_image":"","background-text":"","product_designer":[1040],"inactive_designer_info":{"custom_designer_name":"","custom_designer_image":null},"scene_gallery":[3477,3479,3481,3483,3485,3487],"gallery_bg_color":"#8e8e8e","details_gallery":[{"slide_text":"<span data-sheets-root=\"1\">Das Design, die Reichweite und die Funktionalit\u00e4t der Drone wirken sich integrativ auf R\u00e4ume aus und schaffen harmonische Umgebungen, die eine reibungslose Kommunikation f\u00f6rdern.<\/span>","slide_image":3433},{"slide_text":"<span data-sheets-root=\"1\">Die gro\u00dfe Vielfalt an Konfigurationen und die Qualit\u00e4t der verwendeten Materialien erm\u00f6glichen es Drone, sich an die anspruchsvollsten Konferenzr\u00e4ume anzupassen.<\/span>","slide_image":3431}],"product_video":{"video_link":"","video_cover":""},"product_downloads_path":"mesas-oficina\/reuniones","product_downloads":[{"select_file_type":"normal","file_type":"catalog","file_type_special":"","file_name":"C_Drone.pdf","file_customlabel":"Catalogue"},{"select_file_type":"normal","file_type":"technicalFeatures","file_type_special":"","file_name":"_CCTT_Drone.pdf","file_customlabel":"Technical Features"},{"select_file_type":"normal","file_type":"images","file_type_special":"","file_name":"01_Drone.zip","file_customlabel":"Images"},{"select_file_type":"normal","file_type":"productCertificate","file_type_special":"","file_name":"DRONE (rev02)_Firmado.pdf","file_customlabel":"Product Cerfificate"},{"select_file_type":"normal","file_type":"autocad","file_type_special":"","file_name":"Drone.zip","file_customlabel":"3D Geometry"},{"select_file_type":"normal","file_type":"revitBim","file_type_special":"","file_name":"DRONE.zip","file_customlabel":"Revit\/BIM"}],"grid_image_gallery":null},"yoast_head":"<!-- This site is optimized with the Yoast SEO plugin v25.2 - https:\/\/yoast.com\/wordpress\/plugins\/seo\/ -->\n<title>\u25b6 Entdecken Sie &#039;Drone&#039;: unsere Tische f\u00fcr Konferenzr\u00e4ume und Vorstandsetagen - Gruppe Forma<\/title>\n<meta name=\"description\" content=\"Entdecken Sie unsere Tische f\u00fcr Besprechungsr\u00e4ume und Vorstandsetagen von Gruppe Forma 5. Eleganz und Technik f\u00fcr Ihre Meetings im B\u00fcro.\" \/>\n<meta name=\"robots\" content=\"noindex, follow, max-snippet:-1, max-image-preview:large, max-video-preview:-1\" \/>\n<meta property=\"og:locale\" content=\"de_DE\" \/>\n<meta property=\"og:type\" content=\"article\" \/>\n<meta property=\"og:title\" content=\"\u25b6 Entdecken Sie &#039;Drone&#039;: unsere Tische f\u00fcr Konferenzr\u00e4ume und Vorstandsetagen - Gruppe Forma\" \/>\n<meta property=\"og:description\" content=\"Entdecken Sie unsere Tische f\u00fcr Besprechungsr\u00e4ume und Vorstandsetagen von Gruppe Forma 5. Eleganz und Technik f\u00fcr Ihre Meetings im B\u00fcro.\" \/>\n<meta property=\"og:url\" content=\"https:\/\/test.forma5.com\/de\/tische\/besprechungsraume\/drone\/\" \/>\n<meta property=\"og:site_name\" content=\"Forma 5\" \/>\n<meta property=\"article:modified_time\" content=\"2025-06-03T10:34:33+00:00\" \/>\n<meta property=\"og:image\" content=\"https:\/\/test.forma5.com\/wp-content\/uploads\/drone-collaboration-meeting-table-offices-furniture.webp\" \/>\n\t<meta property=\"og:image:width\" content=\"800\" \/>\n\t<meta property=\"og:image:height\" content=\"800\" \/>\n\t<meta property=\"og:image:type\" content=\"image\/webp\" \/>\n<meta name=\"twitter:card\" content=\"summary_large_image\" \/>\n<meta name=\"twitter:label1\" content=\"Gesch\u00e4tzte Lesezeit\" \/>\n\t<meta name=\"twitter:data1\" content=\"1\u00a0Minute\" \/>\n<script type=\"application\/ld+json\" class=\"yoast-schema-graph\">{\"@context\":\"https:\/\/schema.org\",\"@graph\":[{\"@type\":\"WebPage\",\"@id\":\"https:\/\/test.forma5.com\/de\/tische\/besprechungsraume\/drone\/\",\"url\":\"https:\/\/test.forma5.com\/de\/tische\/besprechungsraume\/drone\/\",\"name\":\"\u25b6 Entdecken Sie 'Drone': unsere Tische f\u00fcr Konferenzr\u00e4ume und Vorstandsetagen - Gruppe Forma\",\"isPartOf\":{\"@id\":\"https:\/\/test.forma5.com\/de\/#website\"},\"primaryImageOfPage\":{\"@id\":\"https:\/\/test.forma5.com\/de\/tische\/besprechungsraume\/drone\/#primaryimage\"},\"image\":{\"@id\":\"https:\/\/test.forma5.com\/de\/tische\/besprechungsraume\/drone\/#primaryimage\"},\"thumbnailUrl\":\"https:\/\/test.forma5.com\/wp-content\/uploads\/drone-collaboration-meeting-table-offices-furniture.webp\",\"datePublished\":\"2024-08-20T07:44:40+00:00\",\"dateModified\":\"2025-06-03T10:34:33+00:00\",\"description\":\"Entdecken Sie unsere Tische f\u00fcr Besprechungsr\u00e4ume und Vorstandsetagen von Gruppe Forma 5. Eleganz und Technik f\u00fcr Ihre Meetings im B\u00fcro.\",\"breadcrumb\":{\"@id\":\"https:\/\/test.forma5.com\/de\/tische\/besprechungsraume\/drone\/#breadcrumb\"},\"inLanguage\":\"de\",\"potentialAction\":[{\"@type\":\"ReadAction\",\"target\":[\"https:\/\/test.forma5.com\/de\/tische\/besprechungsraume\/drone\/\"]}]},{\"@type\":\"ImageObject\",\"inLanguage\":\"de\",\"@id\":\"https:\/\/test.forma5.com\/de\/tische\/besprechungsraume\/drone\/#primaryimage\",\"url\":\"https:\/\/test.forma5.com\/wp-content\/uploads\/drone-collaboration-meeting-table-offices-furniture.webp\",\"contentUrl\":\"https:\/\/test.forma5.com\/wp-content\/uploads\/drone-collaboration-meeting-table-offices-furniture.webp\",\"width\":800,\"height\":800},{\"@type\":\"BreadcrumbList\",\"@id\":\"https:\/\/test.forma5.com\/de\/tische\/besprechungsraume\/drone\/#breadcrumb\",\"itemListElement\":[{\"@type\":\"ListItem\",\"position\":1,\"name\":\"Portada\",\"item\":\"https:\/\/test.forma5.com\/de\/\"},{\"@type\":\"ListItem\",\"position\":2,\"name\":\"Productos\",\"item\":\"https:\/\/test.forma5.com\/shop\/\"},{\"@type\":\"ListItem\",\"position\":3,\"name\":\"Drone\"}]},{\"@type\":\"WebSite\",\"@id\":\"https:\/\/test.forma5.com\/de\/#website\",\"url\":\"https:\/\/test.forma5.com\/de\/\",\"name\":\"Forma 5\",\"description\":\"\",\"publisher\":{\"@id\":\"https:\/\/test.forma5.com\/de\/#organization\"},\"potentialAction\":[{\"@type\":\"SearchAction\",\"target\":{\"@type\":\"EntryPoint\",\"urlTemplate\":\"https:\/\/test.forma5.com\/de\/?s={search_term_string}\"},\"query-input\":{\"@type\":\"PropertyValueSpecification\",\"valueRequired\":true,\"valueName\":\"search_term_string\"}}],\"inLanguage\":\"de\"},{\"@type\":\"Organization\",\"@id\":\"https:\/\/test.forma5.com\/de\/#organization\",\"name\":\"Forma 5\",\"url\":\"https:\/\/test.forma5.com\/de\/\",\"logo\":{\"@type\":\"ImageObject\",\"inLanguage\":\"de\",\"@id\":\"https:\/\/test.forma5.com\/de\/#\/schema\/logo\/image\/\",\"url\":\"https:\/\/test.forma5.com\/wp-content\/uploads\/logo.svg\",\"contentUrl\":\"https:\/\/test.forma5.com\/wp-content\/uploads\/logo.svg\",\"width\":169,\"height\":36,\"caption\":\"Forma 5\"},\"image\":{\"@id\":\"https:\/\/test.forma5.com\/de\/#\/schema\/logo\/image\/\"}}]}<\/script>\n<!-- \/ Yoast SEO plugin. -->","yoast_head_json":{"title":"\u25b6 Entdecken Sie 'Drone': unsere Tische f\u00fcr Konferenzr\u00e4ume und Vorstandsetagen - Gruppe Forma","description":"Entdecken Sie unsere Tische f\u00fcr Besprechungsr\u00e4ume und Vorstandsetagen von Gruppe Forma 5. Eleganz und Technik f\u00fcr Ihre Meetings im B\u00fcro.","robots":{"index":"noindex","follow":"follow","max-snippet":"max-snippet:-1","max-image-preview":"max-image-preview:large","max-video-preview":"max-video-preview:-1"},"og_locale":"de_DE","og_type":"article","og_title":"\u25b6 Entdecken Sie 'Drone': unsere Tische f\u00fcr Konferenzr\u00e4ume und Vorstandsetagen - Gruppe Forma","og_description":"Entdecken Sie unsere Tische f\u00fcr Besprechungsr\u00e4ume und Vorstandsetagen von Gruppe Forma 5. Eleganz und Technik f\u00fcr Ihre Meetings im B\u00fcro.","og_url":"https:\/\/test.forma5.com\/de\/tische\/besprechungsraume\/drone\/","og_site_name":"Forma 5","article_modified_time":"2025-06-03T10:34:33+00:00","og_image":[{"width":800,"height":800,"url":"https:\/\/test.forma5.com\/wp-content\/uploads\/drone-collaboration-meeting-table-offices-furniture.webp","type":"image\/webp"}],"twitter_card":"summary_large_image","twitter_misc":{"Gesch\u00e4tzte Lesezeit":"1\u00a0Minute"},"schema":{"@context":"https:\/\/schema.org","@graph":[{"@type":"WebPage","@id":"https:\/\/test.forma5.com\/de\/tische\/besprechungsraume\/drone\/","url":"https:\/\/test.forma5.com\/de\/tische\/besprechungsraume\/drone\/","name":"\u25b6 Entdecken Sie 'Drone': unsere Tische f\u00fcr Konferenzr\u00e4ume und Vorstandsetagen - Gruppe Forma","isPartOf":{"@id":"https:\/\/test.forma5.com\/de\/#website"},"primaryImageOfPage":{"@id":"https:\/\/test.forma5.com\/de\/tische\/besprechungsraume\/drone\/#primaryimage"},"image":{"@id":"https:\/\/test.forma5.com\/de\/tische\/besprechungsraume\/drone\/#primaryimage"},"thumbnailUrl":"https:\/\/test.forma5.com\/wp-content\/uploads\/drone-collaboration-meeting-table-offices-furniture.webp","datePublished":"2024-08-20T07:44:40+00:00","dateModified":"2025-06-03T10:34:33+00:00","description":"Entdecken Sie unsere Tische f\u00fcr Besprechungsr\u00e4ume und Vorstandsetagen von Gruppe Forma 5. Eleganz und Technik f\u00fcr Ihre Meetings im B\u00fcro.","breadcrumb":{"@id":"https:\/\/test.forma5.com\/de\/tische\/besprechungsraume\/drone\/#breadcrumb"},"inLanguage":"de","potentialAction":[{"@type":"ReadAction","target":["https:\/\/test.forma5.com\/de\/tische\/besprechungsraume\/drone\/"]}]},{"@type":"ImageObject","inLanguage":"de","@id":"https:\/\/test.forma5.com\/de\/tische\/besprechungsraume\/drone\/#primaryimage","url":"https:\/\/test.forma5.com\/wp-content\/uploads\/drone-collaboration-meeting-table-offices-furniture.webp","contentUrl":"https:\/\/test.forma5.com\/wp-content\/uploads\/drone-collaboration-meeting-table-offices-furniture.webp","width":800,"height":800},{"@type":"BreadcrumbList","@id":"https:\/\/test.forma5.com\/de\/tische\/besprechungsraume\/drone\/#breadcrumb","itemListElement":[{"@type":"ListItem","position":1,"name":"Portada","item":"https:\/\/test.forma5.com\/de\/"},{"@type":"ListItem","position":2,"name":"Productos","item":"https:\/\/test.forma5.com\/shop\/"},{"@type":"ListItem","position":3,"name":"Drone"}]},{"@type":"WebSite","@id":"https:\/\/test.forma5.com\/de\/#website","url":"https:\/\/test.forma5.com\/de\/","name":"Forma 5","description":"","publisher":{"@id":"https:\/\/test.forma5.com\/de\/#organization"},"potentialAction":[{"@type":"SearchAction","target":{"@type":"EntryPoint","urlTemplate":"https:\/\/test.forma5.com\/de\/?s={search_term_string}"},"query-input":{"@type":"PropertyValueSpecification","valueRequired":true,"valueName":"search_term_string"}}],"inLanguage":"de"},{"@type":"Organization","@id":"https:\/\/test.forma5.com\/de\/#organization","name":"Forma 5","url":"https:\/\/test.forma5.com\/de\/","logo":{"@type":"ImageObject","inLanguage":"de","@id":"https:\/\/test.forma5.com\/de\/#\/schema\/logo\/image\/","url":"https:\/\/test.forma5.com\/wp-content\/uploads\/logo.svg","contentUrl":"https:\/\/test.forma5.com\/wp-content\/uploads\/logo.svg","width":169,"height":36,"caption":"Forma 5"},"image":{"@id":"https:\/\/test.forma5.com\/de\/#\/schema\/logo\/image\/"}}]}},"_links":{"self":[{"href":"https:\/\/test.forma5.com\/de\/wp-json\/wp\/v2\/product\/5609","targetHints":{"allow":["GET"]}}],"collection":[{"href":"https:\/\/test.forma5.com\/de\/wp-json\/wp\/v2\/product"}],"about":[{"href":"https:\/\/test.forma5.com\/de\/wp-json\/wp\/v2\/types\/product"}],"acf:attachment":[{"embeddable":true,"href":"https:\/\/test.forma5.com\/de\/wp-json\/wp\/v2\/media\/3487"},{"embeddable":true,"href":"https:\/\/test.forma5.com\/de\/wp-json\/wp\/v2\/media\/3485"},{"embeddable":true,"href":"https:\/\/test.forma5.com\/de\/wp-json\/wp\/v2\/media\/3483"},{"embeddable":true,"href":"https:\/\/test.forma5.com\/de\/wp-json\/wp\/v2\/media\/3481"},{"embeddable":true,"href":"https:\/\/test.forma5.com\/de\/wp-json\/wp\/v2\/media\/3479"},{"embeddable":true,"href":"https:\/\/test.forma5.com\/de\/wp-json\/wp\/v2\/media\/3477"}],"acf:post":[{"embeddable":true,"href":"https:\/\/test.forma5.com\/de\/wp-json\/wp\/v2\/disenador\/1040"}],"wp:featuredmedia":[{"embeddable":true,"href":"https:\/\/test.forma5.com\/de\/wp-json\/wp\/v2\/media\/5611"}],"wp:attachment":[{"href":"https:\/\/test.forma5.com\/de\/wp-json\/wp\/v2\/media?parent=5609"}],"wp:term":[{"taxonomy":"product_brand","embeddable":true,"href":"https:\/\/test.forma5.com\/de\/wp-json\/wp\/v2\/product_brand?post=5609"},{"taxonomy":"product_cat","embeddable":true,"href":"https:\/\/test.forma5.com\/de\/wp-json\/wp\/v2\/product_cat?post=5609"},{"taxonomy":"product_tag","embeddable":true,"href":"https:\/\/test.forma5.com\/de\/wp-json\/wp\/v2\/product_tag?post=5609"}],"curies":[{"name":"wp","href":"https:\/\/api.w.org\/{rel}","templated":true}]}}