{"id":6134,"date":"2024-12-12T11:36:46","date_gmt":"2024-12-12T10:36:46","guid":{"rendered":"https:\/\/test.forma5.com\/politica-de-cookies\/"},"modified":"2025-04-23T12:36:13","modified_gmt":"2025-04-23T10:36:13","slug":"politica-de-cookies","status":"publish","type":"page","link":"https:\/\/test.forma5.com\/de\/cookie-richtlinie\/","title":{"rendered":"INFORMATIONEN \u00dcBER COOKIES"},"content":{"rendered":"<p><br>Aufgrund des Inkrafttretens der \u00c4nderung des \u201eGesetzes \u00fcber die Dienste der Informationsgesellschaft\u201c (LSSICE), das durch den K\u00f6niglichen Erlass 13\/2012 eingef\u00fchrt wurde, ist es zwingend erforderlich, die ausdr\u00fcckliche Zustimmung des Nutzers aller Webseiten, die wesentliche Cookies verwenden, einzuholen zu erhalten, bevor sie aufgerufen werden.<br><\/p><h2 class=\"wp-block-heading\"><strong>WAS SIND COOKIES?<\/strong><\/h2><p>Cookies und andere \u00e4hnliche Technologien wie Local Shared Objects, Flash-Cookies oder Pixel sind Werkzeuge, die von Webservern<\/p><p>verwendet werden, um Informationen \u00fcber ihre Besucher zu speichern und abzurufen und um das ordnungsgem\u00e4\u00dfe Funktionieren der Website zu erm\u00f6glichen.<\/p><p>Durch die Verwendung dieser Hilfsmittel ist der Webserver in der Lage, sich einige Daten \u00fcber den Benutzer zu merken, wie z. B. seine Vorlieben f\u00fcr die Anzeige der Seiten des Servers, seinen Namen und sein Passwort, Produkte, die ihn am meisten interessieren, usw.<\/p><h2 class=\"wp-block-heading\"><strong>COOKIES, DIE VON DEN VORSCHRIFTEN BETROFFEN SIND<\/strong><\/h2><p>Gem\u00e4\u00df der EU-Richtlinie handelt es sich bei den Cookies, die eine informierte Zustimmung des Nutzers erfordern, um Analyse-, Werbe- und Partnerschafts-Cookies, w\u00e4hrend technische Cookies und solche, die f\u00fcr den Betrieb der Website oder die Erbringung der vom Nutzer ausdr\u00fccklich angeforderten Dienstleistungen erforderlich sind, ausgenommen sind.<\/p><h2 class=\"wp-block-heading\"><strong>WELCHE ARTEN VON COOKIES GIBT ES?<\/strong><\/h2><h3 class=\"wp-block-heading\"><strong>Es gibt f\u00fcnf Hauptgruppen von Cookies:<br><\/strong><\/h3><ul class=\"wp-block-list\"><li><strong>Analytische Cookies:<\/strong> Diese sammeln Informationen dar\u00fcber, wie die Website genutzt wird. Soziale Cookies: Diese sind f\u00fcr externe soziale Netzwerke erforderlich.<\/li>\n\n<li><strong>Partner-Cookies: <\/strong>Diese Cookies erm\u00f6glichen es Ihnen, Besuche von anderen Websites zu verfolgen, mit denen die Website Partnervereinbarungen (Partnerunternehmen) eingeht.<\/li>\n\n<li><strong>Werbe- und Verhaltens-Cookies:<\/strong> Sie sammeln Informationen \u00fcber die pers\u00f6nlichen Vorlieben und Entscheidungen des Nutzers (Retargeting).<\/li>\n\n<li><strong>Technische und funktionelle Cookies:<\/strong> Sie sind f\u00fcr die Nutzung der Website und die Erbringung der vertraglich vereinbarten Dienstleistung unbedingt erforderlich.<\/li><\/ul><h3 class=\"wp-block-heading\"><strong>VON DIESER WEBSITE VERWENDETE COOKIES<br><\/strong><\/h3><p>[cmplz-cookies]<\/p><p><\/p><h2 class=\"wp-block-heading\"><strong>PANEL DE CONFIGURACI\u00d3N DE COOKIES<\/strong><\/h2><p>Desde este panel podr\u00e1 configurar las cookies que el sitio web puede instalar en su navegador, excepto las<br>cookies t\u00e9cnicas o funcionales que son necesarias para la navegaci\u00f3n y la utilizaci\u00f3n de las diferentes<br>opciones o servicios que se ofrecen.<\/p><p>[cmplz-manage-consent]<\/p><p><\/p><h2 class=\"wp-block-heading\"><strong>C\u00d3MO GESTIONAR LAS COOKIES DESDE EL NAVEGADOR<\/strong><\/h2><figure class=\"wp-block-table\"><table class=\"has-fixed-layout\"><tbody><tr><td><strong>Eliminar las cookies del dispositivo<\/strong><\/td><td>Las cookies que ya est\u00e1n en un dispositivo se pueden eliminar borrando el historial del navegador, con lo que se suprimen las cookies de todos los sitios web visitados.<br>Sin embargo, tambi\u00e9n se puede perder parte de la informaci\u00f3n guardada (por ejemplo, los datos de inicio de sesi\u00f3n o las preferencias de sitio web).<\/td><\/tr><tr><td><strong>Gestionar las cookies espec\u00edficas del sitio<\/strong><\/td><td>Para tener un control m\u00e1s preciso de las cookies espec\u00edficas de cada sitio, los usuarios pueden ajustar su configuraci\u00f3n de privacidad y cookies en el navegador.<\/td><\/tr><tr><td><strong>Bloquear las cookies<\/strong><\/td><td>Aunque la mayor\u00eda de los navegadores modernos se pueden configurar para evitar que se instalen cookies en los dispositivos, eso puede obligar al ajuste manual de determinadas preferencias cada vez que se visite un sitio o p\u00e1gina. Adem\u00e1s, algunos servicios y caracter\u00edsticas pueden no funcionar correctamente (por ejemplo, los inicios de sesi\u00f3n con perfil).<\/td><\/tr><\/tbody><\/table><\/figure><h2 class=\"wp-block-heading\">ZUSTIMMUNG ZUR INSTALLATION VON COOKIES WIDERRUFEN<\/h2><p>WIE SIE COOKIES AUS IHREM BROWSER L\u00d6SCHEN<\/p><h4 class=\"wp-block-heading\"><strong>Chrome<\/strong><\/h4><p>1. Klicken Sie auf das Men\u00fc<\/p><p>2. Klicken Sie auf Einstellungen.<\/p><p>3. Klicken Sie auf Erweiterte Optionen anzeigen.<\/p><p>4. Klicken Sie im Abschnitt \u201eDatenschutz und Sicherheit\u201c auf Inhaltseinstellungen.<\/p><p>L\u00f6schen Sie Cookies: Klicken Sie auf Alle Cookies und Websitedaten anzeigen&#8230;<\/p><p>Die Speicherung von Cookies nicht zulassen. 5. Klicken Sie auf Alle entfernen.<\/p><p>6. Schlie\u00dfen Sie den Browser und starten Sie ihn neu. F\u00fcr weitere Informationen \u00fcber Chrome klicken Sie hier: http:\/\/support.google.com\/chrome\/answer\/95647?hl=es<\/p><h4 class=\"wp-block-heading\"><strong>Internet Explorer. Version 11<\/strong><\/h4><p>1. W\u00e4hlen Sie Tools<\/p><p>2. Klicken Sie auf Sicherheit.<\/p><p>3. Klicken Sie auf Browserverlauf l\u00f6schen&#8230;.<\/p><p>4. W\u00e4hlen Sie Cookies.<\/p><p>5. W\u00e4hlen Sie Tempor\u00e4re Internetdateien.<\/p><p>6. Klicken Sie auf L\u00f6schen.<\/p><p>7. Klicken Sie auf OK.<\/p><p>8. Schlie\u00dfen Sie den Browser und starten Sie ihn neu.<\/p><p>F\u00fcr weitere Informationen \u00fcber Internet Explorer klicken Sie hier: http:\/\/windows.microsoft.com\/es-419\/windows7\/how-to-manage-cookies-in-internet-explorer-9<\/p><h4 class=\"wp-block-heading\"><strong>Firefox. Version 18<\/strong><\/h4><p>1. \u00d6ffnen Sie das Men\u00fc.<\/p><p>2. Klicken Sie auf Optionen.<\/p><p>3. W\u00e4hlen Sie die Registerkarte Datenschutz und Sicherheit. Klicken Sie unter Cookies und Websitedaten auf Daten l\u00f6schen&#8230; 4. W\u00e4hlen Sie Cookies und Websitedaten und zwischengespeicherte Webinhalte.<\/p><p>5. Klicken Sie auf L\u00f6schen.<\/p><p>6. Schlie\u00dfen Sie den Browser und starten Sie ihn neu.<\/p><p>Sie k\u00f6nnen Cookies einzeln annehmen oder ablehnen, indem Sie auf Daten verwalten klicken. F\u00fcr weitere Informationen \u00fcber Mozilla Firefox klicken Sie bitte hier: https:\/\/www.mozilla.org\/es-ES\/privacy\/websites\/#cookies<\/p><h4 class=\"wp-block-heading\"><strong>Safari Version 5.1<\/strong><\/h4><p>1. Klicken Sie auf Safari.<\/p><p>2. W\u00e4hlen Sie die Registerkarte Datenschutz und Sicherheit. Klicken Sie auf Einstellungen und dann auf Datenschutz 3. Klicken Sie auf Gespeicherte Cookies und Daten entfernen.<\/p><p>4. Schlie\u00dfen Sie den Browser und starten Sie ihn neu.<\/p><p>F\u00fcr weitere Informationen \u00fcber Safari klicken Sie hier: http:\/\/support.apple.com\/kb\/PH5042<\/p><h4 class=\"wp-block-heading\"><strong>Opera<\/strong><\/h4><p>Einstellungen&gt;Einstellungen&gt;Erweitert&gt;Cookies.<\/p><p>Die Cookie-Einstellungen steuern, wie Opera mit Cookies umgeht und ob sie akzeptiert oder abgelehnt werden.<\/p><p>F\u00fcr weitere Informationen \u00fcber Opera klicken Sie hier: http:\/\/help.opera.com\/Linux\/10.60\/es-ES\/cookies.html<\/p><h4 class=\"wp-block-heading\"><strong>Andere Browser<\/strong><\/h4><p>Schauen Sie in der Dokumentation des von Ihnen installierten Browsers nach.<\/p><p><\/p>","protected":false},"excerpt":{"rendered":"<p>Aufgrund des Inkrafttretens der \u00c4nderung des \u201eGesetzes \u00fcber die Dienste der Informationsgesellschaft\u201c (LSSICE), das durch den K\u00f6niglichen Erlass 13\/2012 eingef\u00fchrt wurde, ist es zwingend erforderlich, die &#8230; <a title=\"INFORMATIONEN \u00dcBER COOKIES\" class=\"read-more\" href=\"https:\/\/test.forma5.com\/de\/cookie-richtlinie\/\" aria-label=\"Mehr Informationen \u00fcber INFORMATIONEN \u00dcBER COOKIES\">Weiterlesen<\/a><\/p>\n","protected":false},"author":5,"featured_media":0,"parent":0,"menu_order":0,"comment_status":"closed","ping_status":"closed","template":"","meta":{"_acf_changed":false,"footnotes":""},"class_list":["post-6134","page","type-page","status-publish"],"acf":[],"yoast_head":"<!-- This site is optimized with the Yoast SEO plugin v25.2 - https:\/\/yoast.com\/wordpress\/plugins\/seo\/ -->\n<title>INFORMATIONEN \u00dcBER COOKIES - Forma 5<\/title>\n<meta name=\"robots\" content=\"noindex, follow, max-snippet:-1, max-image-preview:large, max-video-preview:-1\" \/>\n<meta property=\"og:locale\" content=\"de_DE\" \/>\n<meta property=\"og:type\" content=\"article\" \/>\n<meta property=\"og:title\" content=\"INFORMATIONEN \u00dcBER COOKIES - Forma 5\" \/>\n<meta property=\"og:description\" content=\"Aufgrund des Inkrafttretens der \u00c4nderung des \u201eGesetzes \u00fcber die Dienste der Informationsgesellschaft\u201c (LSSICE), das durch den K\u00f6niglichen Erlass 13\/2012 eingef\u00fchrt wurde, ist es zwingend erforderlich, die ... Weiterlesen\" \/>\n<meta property=\"og:url\" content=\"https:\/\/test.forma5.com\/de\/cookie-richtlinie\/\" \/>\n<meta property=\"og:site_name\" content=\"Forma 5\" \/>\n<meta property=\"article:modified_time\" content=\"2025-04-23T10:36:13+00:00\" \/>\n<meta name=\"twitter:card\" content=\"summary_large_image\" \/>\n<meta name=\"twitter:label1\" content=\"Gesch\u00e4tzte Lesezeit\" \/>\n\t<meta name=\"twitter:data1\" content=\"4\u00a0Minuten\" \/>\n<script type=\"application\/ld+json\" class=\"yoast-schema-graph\">{\"@context\":\"https:\/\/schema.org\",\"@graph\":[{\"@type\":\"WebPage\",\"@id\":\"https:\/\/test.forma5.com\/de\/cookie-richtlinie\/\",\"url\":\"https:\/\/test.forma5.com\/de\/cookie-richtlinie\/\",\"name\":\"INFORMATIONEN \u00dcBER COOKIES - Forma 5\",\"isPartOf\":{\"@id\":\"https:\/\/test.forma5.com\/de\/#website\"},\"datePublished\":\"2024-12-12T10:36:46+00:00\",\"dateModified\":\"2025-04-23T10:36:13+00:00\",\"breadcrumb\":{\"@id\":\"https:\/\/test.forma5.com\/de\/cookie-richtlinie\/#breadcrumb\"},\"inLanguage\":\"de\",\"potentialAction\":[{\"@type\":\"ReadAction\",\"target\":[\"https:\/\/test.forma5.com\/de\/cookie-richtlinie\/\"]}]},{\"@type\":\"BreadcrumbList\",\"@id\":\"https:\/\/test.forma5.com\/de\/cookie-richtlinie\/#breadcrumb\",\"itemListElement\":[{\"@type\":\"ListItem\",\"position\":1,\"name\":\"Portada\",\"item\":\"https:\/\/test.forma5.com\/de\/\"},{\"@type\":\"ListItem\",\"position\":2,\"name\":\"INFORMATIONEN \u00dcBER COOKIES\"}]},{\"@type\":\"WebSite\",\"@id\":\"https:\/\/test.forma5.com\/de\/#website\",\"url\":\"https:\/\/test.forma5.com\/de\/\",\"name\":\"Forma 5\",\"description\":\"\",\"publisher\":{\"@id\":\"https:\/\/test.forma5.com\/de\/#organization\"},\"potentialAction\":[{\"@type\":\"SearchAction\",\"target\":{\"@type\":\"EntryPoint\",\"urlTemplate\":\"https:\/\/test.forma5.com\/de\/?s={search_term_string}\"},\"query-input\":{\"@type\":\"PropertyValueSpecification\",\"valueRequired\":true,\"valueName\":\"search_term_string\"}}],\"inLanguage\":\"de\"},{\"@type\":\"Organization\",\"@id\":\"https:\/\/test.forma5.com\/de\/#organization\",\"name\":\"Forma 5\",\"url\":\"https:\/\/test.forma5.com\/de\/\",\"logo\":{\"@type\":\"ImageObject\",\"inLanguage\":\"de\",\"@id\":\"https:\/\/test.forma5.com\/de\/#\/schema\/logo\/image\/\",\"url\":\"https:\/\/test.forma5.com\/wp-content\/uploads\/logo.svg\",\"contentUrl\":\"https:\/\/test.forma5.com\/wp-content\/uploads\/logo.svg\",\"width\":169,\"height\":36,\"caption\":\"Forma 5\"},\"image\":{\"@id\":\"https:\/\/test.forma5.com\/de\/#\/schema\/logo\/image\/\"}}]}<\/script>\n<!-- \/ Yoast SEO plugin. -->","yoast_head_json":{"title":"INFORMATIONEN \u00dcBER COOKIES - Forma 5","robots":{"index":"noindex","follow":"follow","max-snippet":"max-snippet:-1","max-image-preview":"max-image-preview:large","max-video-preview":"max-video-preview:-1"},"og_locale":"de_DE","og_type":"article","og_title":"INFORMATIONEN \u00dcBER COOKIES - Forma 5","og_description":"Aufgrund des Inkrafttretens der \u00c4nderung des \u201eGesetzes \u00fcber die Dienste der Informationsgesellschaft\u201c (LSSICE), das durch den K\u00f6niglichen Erlass 13\/2012 eingef\u00fchrt wurde, ist es zwingend erforderlich, die ... Weiterlesen","og_url":"https:\/\/test.forma5.com\/de\/cookie-richtlinie\/","og_site_name":"Forma 5","article_modified_time":"2025-04-23T10:36:13+00:00","twitter_card":"summary_large_image","twitter_misc":{"Gesch\u00e4tzte Lesezeit":"4\u00a0Minuten"},"schema":{"@context":"https:\/\/schema.org","@graph":[{"@type":"WebPage","@id":"https:\/\/test.forma5.com\/de\/cookie-richtlinie\/","url":"https:\/\/test.forma5.com\/de\/cookie-richtlinie\/","name":"INFORMATIONEN \u00dcBER COOKIES - Forma 5","isPartOf":{"@id":"https:\/\/test.forma5.com\/de\/#website"},"datePublished":"2024-12-12T10:36:46+00:00","dateModified":"2025-04-23T10:36:13+00:00","breadcrumb":{"@id":"https:\/\/test.forma5.com\/de\/cookie-richtlinie\/#breadcrumb"},"inLanguage":"de","potentialAction":[{"@type":"ReadAction","target":["https:\/\/test.forma5.com\/de\/cookie-richtlinie\/"]}]},{"@type":"BreadcrumbList","@id":"https:\/\/test.forma5.com\/de\/cookie-richtlinie\/#breadcrumb","itemListElement":[{"@type":"ListItem","position":1,"name":"Portada","item":"https:\/\/test.forma5.com\/de\/"},{"@type":"ListItem","position":2,"name":"INFORMATIONEN \u00dcBER COOKIES"}]},{"@type":"WebSite","@id":"https:\/\/test.forma5.com\/de\/#website","url":"https:\/\/test.forma5.com\/de\/","name":"Forma 5","description":"","publisher":{"@id":"https:\/\/test.forma5.com\/de\/#organization"},"potentialAction":[{"@type":"SearchAction","target":{"@type":"EntryPoint","urlTemplate":"https:\/\/test.forma5.com\/de\/?s={search_term_string}"},"query-input":{"@type":"PropertyValueSpecification","valueRequired":true,"valueName":"search_term_string"}}],"inLanguage":"de"},{"@type":"Organization","@id":"https:\/\/test.forma5.com\/de\/#organization","name":"Forma 5","url":"https:\/\/test.forma5.com\/de\/","logo":{"@type":"ImageObject","inLanguage":"de","@id":"https:\/\/test.forma5.com\/de\/#\/schema\/logo\/image\/","url":"https:\/\/test.forma5.com\/wp-content\/uploads\/logo.svg","contentUrl":"https:\/\/test.forma5.com\/wp-content\/uploads\/logo.svg","width":169,"height":36,"caption":"Forma 5"},"image":{"@id":"https:\/\/test.forma5.com\/de\/#\/schema\/logo\/image\/"}}]}},"_links":{"self":[{"href":"https:\/\/test.forma5.com\/de\/wp-json\/wp\/v2\/pages\/6134","targetHints":{"allow":["GET"]}}],"collection":[{"href":"https:\/\/test.forma5.com\/de\/wp-json\/wp\/v2\/pages"}],"about":[{"href":"https:\/\/test.forma5.com\/de\/wp-json\/wp\/v2\/types\/page"}],"author":[{"embeddable":true,"href":"https:\/\/test.forma5.com\/de\/wp-json\/wp\/v2\/users\/5"}],"replies":[{"embeddable":true,"href":"https:\/\/test.forma5.com\/de\/wp-json\/wp\/v2\/comments?post=6134"}],"version-history":[{"count":0,"href":"https:\/\/test.forma5.com\/de\/wp-json\/wp\/v2\/pages\/6134\/revisions"}],"wp:attachment":[{"href":"https:\/\/test.forma5.com\/de\/wp-json\/wp\/v2\/media?parent=6134"}],"curies":[{"name":"wp","href":"https:\/\/api.w.org\/{rel}","templated":true}]}}