{"id":5879,"date":"2024-03-14T10:24:21","date_gmt":"2024-03-14T09:24:21","guid":{"rendered":"https:\/\/test.forma5.com\/contacto\/"},"modified":"2025-06-25T08:31:47","modified_gmt":"2025-06-25T06:31:47","slug":"kontakt","status":"publish","type":"page","link":"https:\/\/test.forma5.com\/de\/kontakt\/","title":{"rendered":"Kontakt"},"content":{"rendered":"","protected":false},"excerpt":{"rendered":"","protected":false},"author":1,"featured_media":0,"parent":0,"menu_order":0,"comment_status":"closed","ping_status":"closed","template":"page-rload.php","meta":{"_acf_changed":false,"footnotes":""},"class_list":["post-5879","page","type-page","status-publish"],"acf":[],"yoast_head":"<!-- This site is optimized with the Yoast SEO plugin v25.2 - https:\/\/yoast.com\/wordpress\/plugins\/seo\/ -->\n<title>\u25b6 Kontakt zum B\u00fcrom\u00f6belhersteller - Gruppe Forma 5<\/title>\n<meta name=\"description\" content=\"Kontaktieren Sie Forma 5, Ihren B\u00fcrom\u00f6belhersteller, f\u00fcr Anfragen und weitere Informationen. Klicken Sie hier, um Kontakt aufzunehmen!\" \/>\n<meta name=\"robots\" content=\"noindex, follow, max-snippet:-1, max-image-preview:large, max-video-preview:-1\" \/>\n<meta property=\"og:locale\" content=\"de_DE\" \/>\n<meta property=\"og:type\" content=\"article\" \/>\n<meta property=\"og:title\" content=\"\u25b6 Kontakt zum B\u00fcrom\u00f6belhersteller - Gruppe Forma 5\" \/>\n<meta property=\"og:description\" content=\"Kontaktieren Sie Forma 5, Ihren B\u00fcrom\u00f6belhersteller, f\u00fcr Anfragen und weitere Informationen. Klicken Sie hier, um Kontakt aufzunehmen!\" \/>\n<meta property=\"og:url\" content=\"https:\/\/test.forma5.com\/de\/kontakt\/\" \/>\n<meta property=\"og:site_name\" content=\"Forma 5\" \/>\n<meta property=\"article:modified_time\" content=\"2025-06-25T06:31:47+00:00\" \/>\n<meta name=\"twitter:card\" content=\"summary_large_image\" \/>\n<script type=\"application\/ld+json\" class=\"yoast-schema-graph\">{\"@context\":\"https:\/\/schema.org\",\"@graph\":[{\"@type\":\"WebPage\",\"@id\":\"https:\/\/test.forma5.com\/de\/kontakt\/\",\"url\":\"https:\/\/test.forma5.com\/de\/kontakt\/\",\"name\":\"\u25b6 Kontakt zum B\u00fcrom\u00f6belhersteller - Gruppe Forma 5\",\"isPartOf\":{\"@id\":\"https:\/\/test.forma5.com\/de\/#website\"},\"datePublished\":\"2024-03-14T09:24:21+00:00\",\"dateModified\":\"2025-06-25T06:31:47+00:00\",\"description\":\"Kontaktieren Sie Forma 5, Ihren B\u00fcrom\u00f6belhersteller, f\u00fcr Anfragen und weitere Informationen. Klicken Sie hier, um Kontakt aufzunehmen!\",\"breadcrumb\":{\"@id\":\"https:\/\/test.forma5.com\/de\/kontakt\/#breadcrumb\"},\"inLanguage\":\"de\",\"potentialAction\":[{\"@type\":\"ReadAction\",\"target\":[\"https:\/\/test.forma5.com\/de\/kontakt\/\"]}]},{\"@type\":\"BreadcrumbList\",\"@id\":\"https:\/\/test.forma5.com\/de\/kontakt\/#breadcrumb\",\"itemListElement\":[{\"@type\":\"ListItem\",\"position\":1,\"name\":\"Portada\",\"item\":\"https:\/\/test.forma5.com\/de\/\"},{\"@type\":\"ListItem\",\"position\":2,\"name\":\"Kontakt\"}]},{\"@type\":\"WebSite\",\"@id\":\"https:\/\/test.forma5.com\/de\/#website\",\"url\":\"https:\/\/test.forma5.com\/de\/\",\"name\":\"Forma 5\",\"description\":\"\",\"publisher\":{\"@id\":\"https:\/\/test.forma5.com\/de\/#organization\"},\"potentialAction\":[{\"@type\":\"SearchAction\",\"target\":{\"@type\":\"EntryPoint\",\"urlTemplate\":\"https:\/\/test.forma5.com\/de\/?s={search_term_string}\"},\"query-input\":{\"@type\":\"PropertyValueSpecification\",\"valueRequired\":true,\"valueName\":\"search_term_string\"}}],\"inLanguage\":\"de\"},{\"@type\":\"Organization\",\"@id\":\"https:\/\/test.forma5.com\/de\/#organization\",\"name\":\"Forma 5\",\"url\":\"https:\/\/test.forma5.com\/de\/\",\"logo\":{\"@type\":\"ImageObject\",\"inLanguage\":\"de\",\"@id\":\"https:\/\/test.forma5.com\/de\/#\/schema\/logo\/image\/\",\"url\":\"https:\/\/test.forma5.com\/wp-content\/uploads\/logo.svg\",\"contentUrl\":\"https:\/\/test.forma5.com\/wp-content\/uploads\/logo.svg\",\"width\":169,\"height\":36,\"caption\":\"Forma 5\"},\"image\":{\"@id\":\"https:\/\/test.forma5.com\/de\/#\/schema\/logo\/image\/\"}}]}<\/script>\n<!-- \/ Yoast SEO plugin. -->","yoast_head_json":{"title":"\u25b6 Kontakt zum B\u00fcrom\u00f6belhersteller - Gruppe Forma 5","description":"Kontaktieren Sie Forma 5, Ihren B\u00fcrom\u00f6belhersteller, f\u00fcr Anfragen und weitere Informationen. Klicken Sie hier, um Kontakt aufzunehmen!","robots":{"index":"noindex","follow":"follow","max-snippet":"max-snippet:-1","max-image-preview":"max-image-preview:large","max-video-preview":"max-video-preview:-1"},"og_locale":"de_DE","og_type":"article","og_title":"\u25b6 Kontakt zum B\u00fcrom\u00f6belhersteller - Gruppe Forma 5","og_description":"Kontaktieren Sie Forma 5, Ihren B\u00fcrom\u00f6belhersteller, f\u00fcr Anfragen und weitere Informationen. Klicken Sie hier, um Kontakt aufzunehmen!","og_url":"https:\/\/test.forma5.com\/de\/kontakt\/","og_site_name":"Forma 5","article_modified_time":"2025-06-25T06:31:47+00:00","twitter_card":"summary_large_image","schema":{"@context":"https:\/\/schema.org","@graph":[{"@type":"WebPage","@id":"https:\/\/test.forma5.com\/de\/kontakt\/","url":"https:\/\/test.forma5.com\/de\/kontakt\/","name":"\u25b6 Kontakt zum B\u00fcrom\u00f6belhersteller - Gruppe Forma 5","isPartOf":{"@id":"https:\/\/test.forma5.com\/de\/#website"},"datePublished":"2024-03-14T09:24:21+00:00","dateModified":"2025-06-25T06:31:47+00:00","description":"Kontaktieren Sie Forma 5, Ihren B\u00fcrom\u00f6belhersteller, f\u00fcr Anfragen und weitere Informationen. Klicken Sie hier, um Kontakt aufzunehmen!","breadcrumb":{"@id":"https:\/\/test.forma5.com\/de\/kontakt\/#breadcrumb"},"inLanguage":"de","potentialAction":[{"@type":"ReadAction","target":["https:\/\/test.forma5.com\/de\/kontakt\/"]}]},{"@type":"BreadcrumbList","@id":"https:\/\/test.forma5.com\/de\/kontakt\/#breadcrumb","itemListElement":[{"@type":"ListItem","position":1,"name":"Portada","item":"https:\/\/test.forma5.com\/de\/"},{"@type":"ListItem","position":2,"name":"Kontakt"}]},{"@type":"WebSite","@id":"https:\/\/test.forma5.com\/de\/#website","url":"https:\/\/test.forma5.com\/de\/","name":"Forma 5","description":"","publisher":{"@id":"https:\/\/test.forma5.com\/de\/#organization"},"potentialAction":[{"@type":"SearchAction","target":{"@type":"EntryPoint","urlTemplate":"https:\/\/test.forma5.com\/de\/?s={search_term_string}"},"query-input":{"@type":"PropertyValueSpecification","valueRequired":true,"valueName":"search_term_string"}}],"inLanguage":"de"},{"@type":"Organization","@id":"https:\/\/test.forma5.com\/de\/#organization","name":"Forma 5","url":"https:\/\/test.forma5.com\/de\/","logo":{"@type":"ImageObject","inLanguage":"de","@id":"https:\/\/test.forma5.com\/de\/#\/schema\/logo\/image\/","url":"https:\/\/test.forma5.com\/wp-content\/uploads\/logo.svg","contentUrl":"https:\/\/test.forma5.com\/wp-content\/uploads\/logo.svg","width":169,"height":36,"caption":"Forma 5"},"image":{"@id":"https:\/\/test.forma5.com\/de\/#\/schema\/logo\/image\/"}}]}},"_links":{"self":[{"href":"https:\/\/test.forma5.com\/de\/wp-json\/wp\/v2\/pages\/5879","targetHints":{"allow":["GET"]}}],"collection":[{"href":"https:\/\/test.forma5.com\/de\/wp-json\/wp\/v2\/pages"}],"about":[{"href":"https:\/\/test.forma5.com\/de\/wp-json\/wp\/v2\/types\/page"}],"author":[{"embeddable":true,"href":"https:\/\/test.forma5.com\/de\/wp-json\/wp\/v2\/users\/1"}],"replies":[{"embeddable":true,"href":"https:\/\/test.forma5.com\/de\/wp-json\/wp\/v2\/comments?post=5879"}],"version-history":[{"count":0,"href":"https:\/\/test.forma5.com\/de\/wp-json\/wp\/v2\/pages\/5879\/revisions"}],"wp:attachment":[{"href":"https:\/\/test.forma5.com\/de\/wp-json\/wp\/v2\/media?parent=5879"}],"curies":[{"name":"wp","href":"https:\/\/api.w.org\/{rel}","templated":true}]}}