{"id":5863,"date":"2025-01-21T12:26:46","date_gmt":"2025-01-21T11:26:46","guid":{"rendered":"https:\/\/test.forma5.com\/politica-de-privacidad\/"},"modified":"2025-03-17T17:35:24","modified_gmt":"2025-03-17T16:35:24","slug":"datenschutz-und-rechtliche-hinweise","status":"publish","type":"page","link":"https:\/\/test.forma5.com\/de\/datenschutz-und-rechtliche-hinweise\/","title":{"rendered":"Datenschutzbestimmungen und rechtliche Hinweise"},"content":{"rendered":"<p><\/p><p><strong><em>INFORMATIONEN ZU DEN NUTZUNGSBEDINGUNGEN VON www.forma5.es UND <\/em><\/strong><a href=\"https:\/\/test.forma5.com\"><strong><em>www.forma5.com<\/em><\/strong><\/a><strong><em><\/em><\/strong><\/p><ul class=\"wp-block-list\"><li><strong>BENUTZERINFORMATIONEN<\/strong><\/li><\/ul><p>FORMA 5 Inc. (nachfolgend VERANTWORTLICHER) ist der Verantwortliche f\u00fcr die Verarbeitung der personenbezogenen Daten des Nutzers und informiert Sie dar\u00fcber, dass diese Daten in \u00dcbereinstimmung mit den Bestimmungen der Verordnung (EU) 2016\/679 vom 27. April (GDPR) und dem Organgesetz 3\/2018 vom 5. Dezember (LOPDGDD) verarbeitet werden, f\u00fcr die die folgenden Informationen zur Verarbeitung bereitgestellt werden: Zweck der Verarbeitung: zur Aufrechterhaltung einer Gesch\u00e4ftsbeziehung mit dem Nutzer. Die f\u00fcr die Durchf\u00fchrung der Verarbeitung vorgesehenen Vorg\u00e4nge sind:<\/p><p>Versendung von kommerziellen Werbemitteilungen per E-Mail, Fax, SMS, MMS, Social Communities oder \u00fcber andere gegenw\u00e4rtige oder zuk\u00fcnftige elektronische oder physische Mittel, die kommerzielle Mitteilungen erm\u00f6glichen. Diese Mitteilungen werden vom VERANTWORTLICHEN durchgef\u00fchrt und beziehen sich auf seine Produkte und Dienstleistungen oder auf die seiner Mitarbeiter oder Lieferanten, mit denen er eine Werbevereinbarung getroffen hat. In diesem Fall haben Dritte niemals Zugang zu den personenbezogenen Daten. Um statistische Studien durchzuf\u00fchren.<\/p><p>Bearbeitung von Bestellungen, Anfragen oder Anfragen jeglicher Art, die der Nutzer \u00fcber eines der ihm zur Verf\u00fcgung gestellten Kontaktformulare stellt. Um den Newsletter der Website zu versenden. Rechtsgrundlage f\u00fcr die Verarbeitung: Zustimmung der betroffenen Person.<\/p><p>Kriterien f\u00fcr die Datenaufbewahrung: Die Daten werden nur so lange aufbewahrt, wie es f\u00fcr die Aufrechterhaltung des Zwecks der Verarbeitung erforderlich ist, und wenn sie f\u00fcr diesen Zweck nicht mehr ben\u00f6tigt werden, werden sie mit geeigneten Sicherheitsma\u00dfnahmen gel\u00f6scht, um die Pseudonymisierung der Daten oder die vollst\u00e4ndige Vernichtung der Daten zu gew\u00e4hrleisten. Weitergabe von Daten: Die Daten werden nicht an Dritte weitergegeben, es sei denn, wir sind gesetzlich dazu verpflichtet.<\/p><p>Rechte des Nutzers: Das Recht, die Einwilligung jederzeit zu widerrufen. Recht auf Zugang, Berichtigung, \u00dcbertragbarkeit und L\u00f6schung ihrer Daten sowie auf Einschr\u00e4nkung oder Widerspruch gegen deren Verarbeitung.<\/p><p>Das Recht auf Beschwerde bei der Aufsichtsbeh\u00f6rde (www.aepd.es), wenn er\/sie der Ansicht ist, dass die Verarbeitung nicht den geltenden Vorschriften entspricht.<\/p><p>Kontaktdaten f\u00fcr die Aus\u00fcbung Ihrer Rechte:<\/p><p>FORMA 5 Inc. Acueducto St. Industrial Park Carretera de la Isla, &#8211; 41703 Dos Hermanas (Sevilla).<\/p><p>E-Mail: <a href=\"mailto:rgpd@forma5.es\">rgpd@forma5.es<\/a><strong><\/strong><\/p><ul class=\"wp-block-list\"><li><strong>OBLIGATORISCHER ODER FAKULTATIVER CHARAKTER DER VOM NUTZER BEREITGESTELLTEN INFORMATIONEN<\/strong><\/li><\/ul><p>Forma 5 Inc.<\/p><p>ACUEDUCTO ST. 12-14 INDUSTRIEPARK CARRETERA DE LA ISLA, \u2013 41703 DOS HERMANAS (Sevilla)<\/p><p>Mit dem Ankreuzen der entsprechenden K\u00e4stchen und der Eingabe von Daten in die mit einem Sternchen (*) gekennzeichneten Felder im Kontaktformular oder in Download-Formularen akzeptieren die Nutzer ausdr\u00fccklich und frei und unmissverst\u00e4ndlich, dass ihre Daten notwendig sind, um ihre Anfrage durch den Anbieter zu erf\u00fcllen, wobei die Eingabe von Daten in die \u00fcbrigen Felder freiwillig ist.<\/p><p>Felder. Der Nutzer garantiert, dass die pers\u00f6nlichen Daten, die er dem VERANTWORTLICHEN zur Verf\u00fcgung stellt, der Wahrheit entsprechen, und ist daf\u00fcr verantwortlich, etwaige \u00c4nderungen dieser Daten mitzuteilen.<\/p><p>Der VERANTWORTLICHE informiert und garantiert den Nutzern ausdr\u00fccklich, dass ihre pers\u00f6nlichen Daten unter keinen Umst\u00e4nden an Dritte weitergegeben werden und dass bei jeder Art der Weitergabe von pers\u00f6nlichen Daten zuvor die ausdr\u00fcckliche, informierte und unmissverst\u00e4ndliche Zustimmung der Nutzer eingeholt wird.<\/p><p>Benutzer. Alle \u00fcber die Website angeforderten Daten sind obligatorisch, da sie f\u00fcr die Bereitstellung eines optimalen Dienstes f\u00fcr den Nutzer erforderlich sind. Falls nicht alle Daten angegeben werden, kann nicht garantiert werden, dass die bereitgestellten Informationen und Dienstleistungen vollst\u00e4ndig auf Ihre Bed\u00fcrfnisse zugeschnitten sind.<\/p><ul class=\"wp-block-list\"><li><strong>SICHERHEITSMASSNAHMEN<\/strong><\/li><\/ul><p>dass der VERANTWORTLICHE in \u00dcbereinstimmung mit den geltenden Vorschriften zum Schutz personenbezogener Daten alle Bestimmungen der DSGVO f\u00fcr die Verarbeitung personenbezogener Daten unter seiner Verantwortung einh\u00e4lt und offensichtlich die in Artikel 5 der DSGVO beschriebenen Grunds\u00e4tze beachtet, wonach die Daten rechtm\u00e4\u00dfig, fair und transparent in Bezug auf die betroffene Person und in einer Weise verarbeitet werden, die angemessen und sachdienlich ist und sich auf das beschr\u00e4nkt, was in Bezug auf die Zwecke, f\u00fcr die sie verarbeitet werden, erforderlich ist.<\/p><p>Der BETREIBER garantiert, dass er geeignete technische und organisatorische Ma\u00dfnahmen zur Anwendung der in der DSGVO festgelegten Sicherheitsma\u00dfnahmen ergriffen hat, um die Rechte und Freiheiten der Nutzer zu sch\u00fctzen, und dass er sie angemessen informiert hat, damit sie diese aus\u00fcben k\u00f6nnen.<\/p><p><strong>RECHTLICHER HINWEIS<\/strong><\/p><p>GRUPO FORMA 5 GmbH, verantwortlich f\u00fcr die Website, im Folgenden VERANTWORTLICHER genannt, stellt den Nutzern dieses Dokument zur Verf\u00fcgung, mit dem sie die im Gesetz 34\/2002 vom 11. Juli \u00fcber die Dienste der Informationsgesellschaft und den elektronischen Handel (LSSICE), BOE Nr. 166, festgelegten Verpflichtungen erf\u00fcllen und alle Nutzer der Website \u00fcber die Nutzungsbedingungen informieren m\u00f6chte.<\/p><p>Jede Person, die auf diese Website zugreift, \u00fcbernimmt die Rolle des Benutzers und verpflichtet sich zur Einhaltung und strikten Befolgung der hierin enthaltenen Bestimmungen sowie aller anderen anwendbaren gesetzlichen Bestimmungen.<\/p><p>GRUPO FORMA 5 GmbH beh\u00e4lt sich das Recht vor, jede Art von Information, die auf der Website erscheinen k\u00f6nnte, zu \u00e4ndern, ohne dass eine Verpflichtung zur vorherigen Ank\u00fcndigung oder zur Information der Benutzer \u00fcber diese Verpflichtungen besteht, was als ausreichend mit der Ver\u00f6ffentlichung auf der Website von GRUPO FORMA 5 GmbH verstanden wird.<\/p><p><strong>WICHTIGE DATEN<\/strong><\/p><p>Bereichsname: www.forma5.com: www.forma5.es<\/p><p>Firmenname: GRUPO FORMA 5 Ltd.<\/p><p>Firmenname: GRUPO FORMA 5 Ltd.<\/p><p>TAX ID: B91252593<\/p><p>Eingetragener Firmensitz: ACUEDUCTO ST. 12-14 &#8211; INDUSTRIEPARK CARRETERA DE LA ISLA,<\/p><p>41703 DOS HERMANAS &#8211; SEVILLA<\/p><p>Telefon: 954931980<\/p><p>E-Mail: rgpd@forma5.com<\/p><p>Eingetragen im Register (Handel \/ \u00d6ffentlichkeit): REGISTRO MERCANTIL DE SEVILLA, LIBRO DE SOCIEDADES TOMO 3616, LIBRO 0, FOLIO 98, SECCION 8, HOJA SE 51166<\/p><p><strong>RECHTE AN GEISTIGEM UND GEWERBLICHEM EIGENTUM<\/strong><\/p><p>Die Website, einschlie\u00dflich, aber nicht beschr\u00e4nkt auf ihre Programmierung, Bearbeitung, Zusammenstellung und andere f\u00fcr ihren Betrieb notwendige Elemente, Designs, Logos, Texte und\/oder Grafiken, sind Eigentum der VERANTWORTLICHEN PARTEI oder verf\u00fcgen gegebenenfalls \u00fcber eine Lizenz oder ausdr\u00fcckliche Genehmigung der Urheber. Der gesamte Inhalt der Website ist durch die Vorschriften zum geistigen und gewerblichen Eigentum ordnungsgem\u00e4\u00df gesch\u00fctzt und in den entsprechenden \u00f6ffentlichen Registern eingetragen.<\/p><p>Unabh\u00e4ngig von dem Zweck, f\u00fcr den sie bestimmt sind, bedarf die vollst\u00e4ndige oder teilweise Vervielf\u00e4ltigung, Nutzung, Verwertung, Verbreitung und Kommerzialisierung in jedem Fall der vorherigen schriftlichen Genehmigung der VERANTWORTLICHEN PARTEI. Jede nicht genehmigte Nutzung wird als schwerwiegende Verletzung der geistigen oder gewerblichen Eigentumsrechte des Urhebers angesehen.<\/p><p>Die Entw\u00fcrfe, Logos, Texte und\/oder Grafiken, die nicht dem VERANTWORTLICHEN geh\u00f6ren und die auf der Website erscheinen k\u00f6nnen, geh\u00f6ren ihren jeweiligen Eigent\u00fcmern, die selbst f\u00fcr eventuelle Streitigkeiten in Bezug auf diese verantwortlich sind. Der VERANTWORTLICHE gestattet Dritten ausdr\u00fccklich, direkt auf die spezifischen Inhalte der Website zu verweisen und in jedem Fall auf die Hauptwebsite von www.forma5.com \/ www.forma5.es zu verweisen.<\/p><p>Der VERANTWORTLICHE erkennt die entsprechenden Rechte an geistigem und gewerblichem Eigentum zugunsten ihrer Eigent\u00fcmer an, und ihre blo\u00dfe Erw\u00e4hnung oder ihr Erscheinen auf der Website impliziert weder das Bestehen irgendwelcher Rechte oder Verantwortlichkeiten an ihnen, noch eine Bef\u00fcrwortung, F\u00f6rderung oder Empfehlung durch sie selbst.<\/p><p>F\u00fcr jede Art von Bemerkung bez\u00fcglich m\u00f6glicher Verletzungen der Rechte an geistigem oder gewerblichem Eigentum sowie bez\u00fcglich des Inhalts der Website k\u00f6nnen Sie eine E-Mail an rgpd@forma5.com senden.<\/p><p><strong>HAFTUNGSAUSSCHLUSS<\/strong><\/p><p>Der VERANTWORTLICHE lehnt jede Haftung f\u00fcr die auf seiner Website ver\u00f6ffentlichten Informationen ab, sofern diese Informationen von einem Dritten au\u00dferhalb der Website manipuliert oder eingegeben wurden.<\/p><p><strong>Verwendung von Cookies<\/strong><\/p><p>Diese Website kann technische Cookies (kleine Informationsdateien, die der Server an den Computer der Person sendet, die die Seite aufruft) verwenden, um bestimmte Funktionen auszuf\u00fchren, die f\u00fcr das ordnungsgem\u00e4\u00dfe Funktionieren und die Darstellung der Website als wesentlich angesehen werden. Die verwendeten Cookies sind in jedem Fall vor\u00fcbergehender Natur und dienen ausschlie\u00dflich dem Zweck, das Surfen effizienter zu gestalten, und verschwinden am Ende der Sitzung des Nutzers. In keinem Fall liefern diese Cookies selbst personenbezogene Daten, und sie werden auch nicht zum Sammeln solcher Daten verwendet.<\/p><p>Durch die Verwendung von Cookies ist es dem Server, auf dem sich die Website befindet, auch m\u00f6glich, den vom Nutzer verwendeten Browser zu erkennen, um das Surfen zu erleichtern und beispielsweise Nutzern, die sich zuvor registriert haben, den Zugang zu den ausschlie\u00dflich ihnen vorbehaltenen Bereichen, Diensten, Aktionen oder Wettbewerben zu erm\u00f6glichen, ohne dass sie sich bei jedem Besuch neu registrieren m\u00fcssen. Sie k\u00f6nnen auch zur Messung des Publikums, der Verkehrsparameter, zur Kontrolle des Verlaufs und der Anzahl der Teilnahmen usw. verwendet werden, wobei es sich in diesen F\u00e4llen um technisch entbehrliche, aber f\u00fcr den Benutzer n\u00fctzliche Cookies handelt. Diese Website installiert keine entbehrlichen Cookies ohne die vorherige Zustimmung des Nutzers.<\/p><p>Der Nutzer hat die M\u00f6glichkeit, seinen Browser so zu konfigurieren, dass er vor dem Empfang von Cookies gewarnt wird und deren Installation auf seinem Computer verhindert. Bitte konsultieren Sie die Anweisungen Ihres Browsers f\u00fcr weitere Informationen.<\/p><p><strong>Verkn\u00fcpfungspolitik<\/strong><\/p><p>Von der Website k\u00f6nnen Sie zu Inhalten von Websites Dritter weitergeleitet werden. Da der VERANTWORTLICHE die Inhalte, die von Dritten auf deren jeweiligen Websites eingestellt werden, nicht immer kontrollieren kann, \u00fcbernimmt er keinerlei Verantwortung f\u00fcr diese Inhalte. In jedem Fall wird der VERANTWORTLICHE jeden Inhalt, der gegen die nationale oder internationale Gesetzgebung, die Moral oder die \u00f6ffentliche Ordnung versto\u00dfen k\u00f6nnte, unverz\u00fcglich entfernen und die Weiterleitung zu dieser Website sofort aufheben und die zust\u00e4ndigen Beh\u00f6rden \u00fcber den fraglichen Inhalt informieren.<\/p><p>Der VERANTWORTLICHE ist nicht f\u00fcr die Informationen und Inhalte verantwortlich, die in Foren, Chats, Bloggeneratoren, Kommentaren, sozialen Netzwerken oder anderen Medien gespeichert werden, die es Dritten erm\u00f6glichen, Inhalte unabh\u00e4ngig auf der Website des VERANTWORTLICHEN zu ver\u00f6ffentlichen. In \u00dcbereinstimmung mit den Bestimmungen der Artikel 11 und 16 des LSSICE stellt er sich jedoch allen Nutzern, Beh\u00f6rden und Sicherheitskr\u00e4ften zur Verf\u00fcgung, um aktiv an der Entfernung oder gegebenenfalls Sperrung aller Inhalte mitzuwirken, die die nationale oder internationale Gesetzgebung, die Rechte Dritter oder die Moral und die \u00f6ffentliche Ordnung beeintr\u00e4chtigen oder verletzen k\u00f6nnten. Sollte der Nutzer der Ansicht sein, dass sich auf der Website Inhalte befinden, die f\u00fcr diese Einstufung in Frage kommen k\u00f6nnten, ist der Administrator der Website unverz\u00fcglich zu benachrichtigen.<\/p><p>Diese Website wurde gepr\u00fcft und getestet, um sicherzustellen, dass sie korrekt funktioniert. Im Prinzip kann ihr einwandfreies Funktionieren an 365 Tagen im Jahr und 24 Stunden am Tag garantiert werden. Die VERANTWORTLICHE PARTEI schlie\u00dft jedoch die M\u00f6glichkeit bestimmter Programmierfehler oder das Auftreten von h\u00f6herer Gewalt, Naturkatastrophen, Streiks oder \u00e4hnlichen Umst\u00e4nden, die den Zugang zur Website unm\u00f6glich machen, nicht aus.<\/p><p><strong>IP-Adressen<\/strong><\/p><p>Die Server der Website k\u00f6nnen die vom Nutzer verwendete IP-Adresse und den Dom\u00e4nennamen automatisch erkennen. Eine IP-Adresse ist eine Nummer, die einem Computer automatisch zugewiesen wird, wenn er sich mit dem Internet verbindet. Alle diese Informationen werden in einer ordnungsgem\u00e4\u00df registrierten Server-Aktivit\u00e4tsdatei gespeichert, die eine sp\u00e4tere Verarbeitung der Daten erm\u00f6glicht, um rein statistische Messungen zu erhalten, die es erm\u00f6glichen, die Anzahl der Seitenaufrufe, die Anzahl der Besuche auf den Webservern, die Reihenfolge der Besuche, den Zugangspunkt usw. zu ermitteln.<\/p><p><strong>ANWENDBARES RECHT UND GERICHTSBARKEIT<\/strong><\/p><p>F\u00fcr die Beilegung aller Streitigkeiten oder Fragen im Zusammenhang mit dieser Website oder den auf ihr durchgef\u00fchrten Aktivit\u00e4ten gilt die spanische Gesetzgebung, der sich die Parteien ausdr\u00fccklich unterwerfen, und die Gerichte, die DOS HERMANAS am n\u00e4chsten liegen, sind f\u00fcr die Beilegung aller Streitigkeiten zust\u00e4ndig, die sich aus der Nutzung dieser Website ergeben oder damit zusammenh\u00e4ngen.<\/p>","protected":false},"excerpt":{"rendered":"<p>INFORMATIONEN ZU DEN NUTZUNGSBEDINGUNGEN VON www.forma5.es UND www.forma5.com FORMA 5 Inc. (nachfolgend VERANTWORTLICHER) ist der Verantwortliche f\u00fcr die Verarbeitung der personenbezogenen Daten des Nutzers und informiert &#8230; <a title=\"Datenschutzbestimmungen und rechtliche Hinweise\" class=\"read-more\" href=\"https:\/\/test.forma5.com\/de\/datenschutz-und-rechtliche-hinweise\/\" aria-label=\"Mehr Informationen \u00fcber Datenschutzbestimmungen und rechtliche Hinweise\">Weiterlesen<\/a><\/p>\n","protected":false},"author":1,"featured_media":0,"parent":0,"menu_order":0,"comment_status":"closed","ping_status":"closed","template":"","meta":{"_acf_changed":false,"footnotes":""},"class_list":["post-5863","page","type-page","status-publish"],"acf":[],"yoast_head":"<!-- This site is optimized with the Yoast SEO plugin v25.2 - https:\/\/yoast.com\/wordpress\/plugins\/seo\/ -->\n<title>Datenschutzbestimmungen und rechtliche Hinweise - Forma 5<\/title>\n<meta name=\"robots\" content=\"noindex, follow, max-snippet:-1, max-image-preview:large, max-video-preview:-1\" \/>\n<meta property=\"og:locale\" content=\"de_DE\" \/>\n<meta property=\"og:type\" content=\"article\" \/>\n<meta property=\"og:title\" content=\"Datenschutzbestimmungen und rechtliche Hinweise - Forma 5\" \/>\n<meta property=\"og:description\" content=\"INFORMATIONEN ZU DEN NUTZUNGSBEDINGUNGEN VON www.forma5.es UND www.forma5.com FORMA 5 Inc. (nachfolgend VERANTWORTLICHER) ist der Verantwortliche f\u00fcr die Verarbeitung der personenbezogenen Daten des Nutzers und informiert ... Weiterlesen\" \/>\n<meta property=\"og:url\" content=\"https:\/\/test.forma5.com\/de\/datenschutz-und-rechtliche-hinweise\/\" \/>\n<meta property=\"og:site_name\" content=\"Forma 5\" \/>\n<meta property=\"article:modified_time\" content=\"2025-03-17T16:35:24+00:00\" \/>\n<meta name=\"twitter:card\" content=\"summary_large_image\" \/>\n<meta name=\"twitter:label1\" content=\"Gesch\u00e4tzte Lesezeit\" \/>\n\t<meta name=\"twitter:data1\" content=\"8\u00a0Minuten\" \/>\n<script type=\"application\/ld+json\" class=\"yoast-schema-graph\">{\"@context\":\"https:\/\/schema.org\",\"@graph\":[{\"@type\":\"WebPage\",\"@id\":\"https:\/\/test.forma5.com\/de\/datenschutz-und-rechtliche-hinweise\/\",\"url\":\"https:\/\/test.forma5.com\/de\/datenschutz-und-rechtliche-hinweise\/\",\"name\":\"Datenschutzbestimmungen und rechtliche Hinweise - Forma 5\",\"isPartOf\":{\"@id\":\"https:\/\/test.forma5.com\/de\/#website\"},\"datePublished\":\"2025-01-21T11:26:46+00:00\",\"dateModified\":\"2025-03-17T16:35:24+00:00\",\"breadcrumb\":{\"@id\":\"https:\/\/test.forma5.com\/de\/datenschutz-und-rechtliche-hinweise\/#breadcrumb\"},\"inLanguage\":\"de\",\"potentialAction\":[{\"@type\":\"ReadAction\",\"target\":[\"https:\/\/test.forma5.com\/de\/datenschutz-und-rechtliche-hinweise\/\"]}]},{\"@type\":\"BreadcrumbList\",\"@id\":\"https:\/\/test.forma5.com\/de\/datenschutz-und-rechtliche-hinweise\/#breadcrumb\",\"itemListElement\":[{\"@type\":\"ListItem\",\"position\":1,\"name\":\"Portada\",\"item\":\"https:\/\/test.forma5.com\/de\/\"},{\"@type\":\"ListItem\",\"position\":2,\"name\":\"Datenschutzbestimmungen und rechtliche Hinweise\"}]},{\"@type\":\"WebSite\",\"@id\":\"https:\/\/test.forma5.com\/de\/#website\",\"url\":\"https:\/\/test.forma5.com\/de\/\",\"name\":\"Forma 5\",\"description\":\"\",\"publisher\":{\"@id\":\"https:\/\/test.forma5.com\/de\/#organization\"},\"potentialAction\":[{\"@type\":\"SearchAction\",\"target\":{\"@type\":\"EntryPoint\",\"urlTemplate\":\"https:\/\/test.forma5.com\/de\/?s={search_term_string}\"},\"query-input\":{\"@type\":\"PropertyValueSpecification\",\"valueRequired\":true,\"valueName\":\"search_term_string\"}}],\"inLanguage\":\"de\"},{\"@type\":\"Organization\",\"@id\":\"https:\/\/test.forma5.com\/de\/#organization\",\"name\":\"Forma 5\",\"url\":\"https:\/\/test.forma5.com\/de\/\",\"logo\":{\"@type\":\"ImageObject\",\"inLanguage\":\"de\",\"@id\":\"https:\/\/test.forma5.com\/de\/#\/schema\/logo\/image\/\",\"url\":\"https:\/\/test.forma5.com\/wp-content\/uploads\/logo.svg\",\"contentUrl\":\"https:\/\/test.forma5.com\/wp-content\/uploads\/logo.svg\",\"width\":169,\"height\":36,\"caption\":\"Forma 5\"},\"image\":{\"@id\":\"https:\/\/test.forma5.com\/de\/#\/schema\/logo\/image\/\"}}]}<\/script>\n<!-- \/ Yoast SEO plugin. -->","yoast_head_json":{"title":"Datenschutzbestimmungen und rechtliche Hinweise - Forma 5","robots":{"index":"noindex","follow":"follow","max-snippet":"max-snippet:-1","max-image-preview":"max-image-preview:large","max-video-preview":"max-video-preview:-1"},"og_locale":"de_DE","og_type":"article","og_title":"Datenschutzbestimmungen und rechtliche Hinweise - Forma 5","og_description":"INFORMATIONEN ZU DEN NUTZUNGSBEDINGUNGEN VON www.forma5.es UND www.forma5.com FORMA 5 Inc. (nachfolgend VERANTWORTLICHER) ist der Verantwortliche f\u00fcr die Verarbeitung der personenbezogenen Daten des Nutzers und informiert ... Weiterlesen","og_url":"https:\/\/test.forma5.com\/de\/datenschutz-und-rechtliche-hinweise\/","og_site_name":"Forma 5","article_modified_time":"2025-03-17T16:35:24+00:00","twitter_card":"summary_large_image","twitter_misc":{"Gesch\u00e4tzte Lesezeit":"8\u00a0Minuten"},"schema":{"@context":"https:\/\/schema.org","@graph":[{"@type":"WebPage","@id":"https:\/\/test.forma5.com\/de\/datenschutz-und-rechtliche-hinweise\/","url":"https:\/\/test.forma5.com\/de\/datenschutz-und-rechtliche-hinweise\/","name":"Datenschutzbestimmungen und rechtliche Hinweise - Forma 5","isPartOf":{"@id":"https:\/\/test.forma5.com\/de\/#website"},"datePublished":"2025-01-21T11:26:46+00:00","dateModified":"2025-03-17T16:35:24+00:00","breadcrumb":{"@id":"https:\/\/test.forma5.com\/de\/datenschutz-und-rechtliche-hinweise\/#breadcrumb"},"inLanguage":"de","potentialAction":[{"@type":"ReadAction","target":["https:\/\/test.forma5.com\/de\/datenschutz-und-rechtliche-hinweise\/"]}]},{"@type":"BreadcrumbList","@id":"https:\/\/test.forma5.com\/de\/datenschutz-und-rechtliche-hinweise\/#breadcrumb","itemListElement":[{"@type":"ListItem","position":1,"name":"Portada","item":"https:\/\/test.forma5.com\/de\/"},{"@type":"ListItem","position":2,"name":"Datenschutzbestimmungen und rechtliche Hinweise"}]},{"@type":"WebSite","@id":"https:\/\/test.forma5.com\/de\/#website","url":"https:\/\/test.forma5.com\/de\/","name":"Forma 5","description":"","publisher":{"@id":"https:\/\/test.forma5.com\/de\/#organization"},"potentialAction":[{"@type":"SearchAction","target":{"@type":"EntryPoint","urlTemplate":"https:\/\/test.forma5.com\/de\/?s={search_term_string}"},"query-input":{"@type":"PropertyValueSpecification","valueRequired":true,"valueName":"search_term_string"}}],"inLanguage":"de"},{"@type":"Organization","@id":"https:\/\/test.forma5.com\/de\/#organization","name":"Forma 5","url":"https:\/\/test.forma5.com\/de\/","logo":{"@type":"ImageObject","inLanguage":"de","@id":"https:\/\/test.forma5.com\/de\/#\/schema\/logo\/image\/","url":"https:\/\/test.forma5.com\/wp-content\/uploads\/logo.svg","contentUrl":"https:\/\/test.forma5.com\/wp-content\/uploads\/logo.svg","width":169,"height":36,"caption":"Forma 5"},"image":{"@id":"https:\/\/test.forma5.com\/de\/#\/schema\/logo\/image\/"}}]}},"_links":{"self":[{"href":"https:\/\/test.forma5.com\/de\/wp-json\/wp\/v2\/pages\/5863","targetHints":{"allow":["GET"]}}],"collection":[{"href":"https:\/\/test.forma5.com\/de\/wp-json\/wp\/v2\/pages"}],"about":[{"href":"https:\/\/test.forma5.com\/de\/wp-json\/wp\/v2\/types\/page"}],"author":[{"embeddable":true,"href":"https:\/\/test.forma5.com\/de\/wp-json\/wp\/v2\/users\/1"}],"replies":[{"embeddable":true,"href":"https:\/\/test.forma5.com\/de\/wp-json\/wp\/v2\/comments?post=5863"}],"version-history":[{"count":0,"href":"https:\/\/test.forma5.com\/de\/wp-json\/wp\/v2\/pages\/5863\/revisions"}],"wp:attachment":[{"href":"https:\/\/test.forma5.com\/de\/wp-json\/wp\/v2\/media?parent=5863"}],"curies":[{"name":"wp","href":"https:\/\/api.w.org\/{rel}","templated":true}]}}