{"id":5862,"date":"2025-01-23T16:15:48","date_gmt":"2025-01-23T15:15:48","guid":{"rendered":"https:\/\/test.forma5.com\/proyectos-a-medida\/"},"modified":"2025-03-19T11:24:30","modified_gmt":"2025-03-19T10:24:30","slug":"projekte","status":"publish","type":"page","link":"https:\/\/test.forma5.com\/de\/projekte\/","title":{"rendered":"ma\u00dfgeschneiderte <em>Projekte<\/em>"},"content":{"rendered":"","protected":false},"excerpt":{"rendered":"","protected":false},"author":1,"featured_media":0,"parent":0,"menu_order":0,"comment_status":"closed","ping_status":"closed","template":"","meta":{"_acf_changed":false,"footnotes":""},"class_list":["post-5862","page","type-page","status-publish"],"acf":[],"yoast_head":"<!-- This site is optimized with the Yoast SEO plugin v25.2 - https:\/\/yoast.com\/wordpress\/plugins\/seo\/ -->\n<title>\u25b6 Portfolio und Projekte - Gruppe Forma 5<\/title>\n<meta name=\"description\" content=\"Entdecken Sie unser Portfolio und unsere B\u00fcrom\u00f6belprojekte. Lassen Sie sich von unseren Designl\u00f6sungen und Beispielen inspirieren.\" \/>\n<meta name=\"robots\" content=\"noindex, follow, max-snippet:-1, max-image-preview:large, max-video-preview:-1\" \/>\n<meta property=\"og:locale\" content=\"de_DE\" \/>\n<meta property=\"og:type\" content=\"article\" \/>\n<meta property=\"og:title\" content=\"\u25b6 Portfolio und Projekte - Gruppe Forma 5\" \/>\n<meta property=\"og:description\" content=\"Entdecken Sie unser Portfolio und unsere B\u00fcrom\u00f6belprojekte. Lassen Sie sich von unseren Designl\u00f6sungen und Beispielen inspirieren.\" \/>\n<meta property=\"og:url\" content=\"https:\/\/test.forma5.com\/de\/projekte\/\" \/>\n<meta property=\"og:site_name\" content=\"Forma 5\" \/>\n<meta property=\"article:modified_time\" content=\"2025-03-19T10:24:30+00:00\" \/>\n<meta name=\"twitter:card\" content=\"summary_large_image\" \/>\n<script type=\"application\/ld+json\" class=\"yoast-schema-graph\">{\"@context\":\"https:\/\/schema.org\",\"@graph\":[{\"@type\":\"WebPage\",\"@id\":\"https:\/\/test.forma5.com\/de\/projekte\/\",\"url\":\"https:\/\/test.forma5.com\/de\/projekte\/\",\"name\":\"\u25b6 Portfolio und Projekte - Gruppe Forma 5\",\"isPartOf\":{\"@id\":\"https:\/\/test.forma5.com\/de\/#website\"},\"datePublished\":\"2025-01-23T15:15:48+00:00\",\"dateModified\":\"2025-03-19T10:24:30+00:00\",\"description\":\"Entdecken Sie unser Portfolio und unsere B\u00fcrom\u00f6belprojekte. Lassen Sie sich von unseren Designl\u00f6sungen und Beispielen inspirieren.\",\"breadcrumb\":{\"@id\":\"https:\/\/test.forma5.com\/de\/projekte\/#breadcrumb\"},\"inLanguage\":\"de\",\"potentialAction\":[{\"@type\":\"ReadAction\",\"target\":[\"https:\/\/test.forma5.com\/de\/projekte\/\"]}]},{\"@type\":\"BreadcrumbList\",\"@id\":\"https:\/\/test.forma5.com\/de\/projekte\/#breadcrumb\",\"itemListElement\":[{\"@type\":\"ListItem\",\"position\":1,\"name\":\"Portada\",\"item\":\"https:\/\/test.forma5.com\/de\/\"},{\"@type\":\"ListItem\",\"position\":2,\"name\":\"ma\u00dfgeschneiderte Projekte\"}]},{\"@type\":\"WebSite\",\"@id\":\"https:\/\/test.forma5.com\/de\/#website\",\"url\":\"https:\/\/test.forma5.com\/de\/\",\"name\":\"Forma 5\",\"description\":\"\",\"publisher\":{\"@id\":\"https:\/\/test.forma5.com\/de\/#organization\"},\"potentialAction\":[{\"@type\":\"SearchAction\",\"target\":{\"@type\":\"EntryPoint\",\"urlTemplate\":\"https:\/\/test.forma5.com\/de\/?s={search_term_string}\"},\"query-input\":{\"@type\":\"PropertyValueSpecification\",\"valueRequired\":true,\"valueName\":\"search_term_string\"}}],\"inLanguage\":\"de\"},{\"@type\":\"Organization\",\"@id\":\"https:\/\/test.forma5.com\/de\/#organization\",\"name\":\"Forma 5\",\"url\":\"https:\/\/test.forma5.com\/de\/\",\"logo\":{\"@type\":\"ImageObject\",\"inLanguage\":\"de\",\"@id\":\"https:\/\/test.forma5.com\/de\/#\/schema\/logo\/image\/\",\"url\":\"https:\/\/test.forma5.com\/wp-content\/uploads\/logo.svg\",\"contentUrl\":\"https:\/\/test.forma5.com\/wp-content\/uploads\/logo.svg\",\"width\":169,\"height\":36,\"caption\":\"Forma 5\"},\"image\":{\"@id\":\"https:\/\/test.forma5.com\/de\/#\/schema\/logo\/image\/\"}}]}<\/script>\n<!-- \/ Yoast SEO plugin. -->","yoast_head_json":{"title":"\u25b6 Portfolio und Projekte - Gruppe Forma 5","description":"Entdecken Sie unser Portfolio und unsere B\u00fcrom\u00f6belprojekte. Lassen Sie sich von unseren Designl\u00f6sungen und Beispielen inspirieren.","robots":{"index":"noindex","follow":"follow","max-snippet":"max-snippet:-1","max-image-preview":"max-image-preview:large","max-video-preview":"max-video-preview:-1"},"og_locale":"de_DE","og_type":"article","og_title":"\u25b6 Portfolio und Projekte - Gruppe Forma 5","og_description":"Entdecken Sie unser Portfolio und unsere B\u00fcrom\u00f6belprojekte. Lassen Sie sich von unseren Designl\u00f6sungen und Beispielen inspirieren.","og_url":"https:\/\/test.forma5.com\/de\/projekte\/","og_site_name":"Forma 5","article_modified_time":"2025-03-19T10:24:30+00:00","twitter_card":"summary_large_image","schema":{"@context":"https:\/\/schema.org","@graph":[{"@type":"WebPage","@id":"https:\/\/test.forma5.com\/de\/projekte\/","url":"https:\/\/test.forma5.com\/de\/projekte\/","name":"\u25b6 Portfolio und Projekte - Gruppe Forma 5","isPartOf":{"@id":"https:\/\/test.forma5.com\/de\/#website"},"datePublished":"2025-01-23T15:15:48+00:00","dateModified":"2025-03-19T10:24:30+00:00","description":"Entdecken Sie unser Portfolio und unsere B\u00fcrom\u00f6belprojekte. Lassen Sie sich von unseren Designl\u00f6sungen und Beispielen inspirieren.","breadcrumb":{"@id":"https:\/\/test.forma5.com\/de\/projekte\/#breadcrumb"},"inLanguage":"de","potentialAction":[{"@type":"ReadAction","target":["https:\/\/test.forma5.com\/de\/projekte\/"]}]},{"@type":"BreadcrumbList","@id":"https:\/\/test.forma5.com\/de\/projekte\/#breadcrumb","itemListElement":[{"@type":"ListItem","position":1,"name":"Portada","item":"https:\/\/test.forma5.com\/de\/"},{"@type":"ListItem","position":2,"name":"ma\u00dfgeschneiderte Projekte"}]},{"@type":"WebSite","@id":"https:\/\/test.forma5.com\/de\/#website","url":"https:\/\/test.forma5.com\/de\/","name":"Forma 5","description":"","publisher":{"@id":"https:\/\/test.forma5.com\/de\/#organization"},"potentialAction":[{"@type":"SearchAction","target":{"@type":"EntryPoint","urlTemplate":"https:\/\/test.forma5.com\/de\/?s={search_term_string}"},"query-input":{"@type":"PropertyValueSpecification","valueRequired":true,"valueName":"search_term_string"}}],"inLanguage":"de"},{"@type":"Organization","@id":"https:\/\/test.forma5.com\/de\/#organization","name":"Forma 5","url":"https:\/\/test.forma5.com\/de\/","logo":{"@type":"ImageObject","inLanguage":"de","@id":"https:\/\/test.forma5.com\/de\/#\/schema\/logo\/image\/","url":"https:\/\/test.forma5.com\/wp-content\/uploads\/logo.svg","contentUrl":"https:\/\/test.forma5.com\/wp-content\/uploads\/logo.svg","width":169,"height":36,"caption":"Forma 5"},"image":{"@id":"https:\/\/test.forma5.com\/de\/#\/schema\/logo\/image\/"}}]}},"_links":{"self":[{"href":"https:\/\/test.forma5.com\/de\/wp-json\/wp\/v2\/pages\/5862","targetHints":{"allow":["GET"]}}],"collection":[{"href":"https:\/\/test.forma5.com\/de\/wp-json\/wp\/v2\/pages"}],"about":[{"href":"https:\/\/test.forma5.com\/de\/wp-json\/wp\/v2\/types\/page"}],"author":[{"embeddable":true,"href":"https:\/\/test.forma5.com\/de\/wp-json\/wp\/v2\/users\/1"}],"replies":[{"embeddable":true,"href":"https:\/\/test.forma5.com\/de\/wp-json\/wp\/v2\/comments?post=5862"}],"version-history":[{"count":0,"href":"https:\/\/test.forma5.com\/de\/wp-json\/wp\/v2\/pages\/5862\/revisions"}],"wp:attachment":[{"href":"https:\/\/test.forma5.com\/de\/wp-json\/wp\/v2\/media?parent=5862"}],"curies":[{"name":"wp","href":"https:\/\/api.w.org\/{rel}","templated":true}]}}