{"id":5849,"date":"2024-03-14T15:12:47","date_gmt":"2024-03-14T14:12:47","guid":{"rendered":"https:\/\/test.forma5.com\/responsabilidad-social\/"},"modified":"2025-10-20T07:48:38","modified_gmt":"2025-10-20T05:48:38","slug":"soziale-verantwortung","status":"publish","type":"page","link":"https:\/\/test.forma5.com\/de\/soziale-verantwortung\/","title":{"rendered":"Soziale Verantwortung"},"content":{"rendered":"","protected":false},"excerpt":{"rendered":"","protected":false},"author":1,"featured_media":5850,"parent":0,"menu_order":0,"comment_status":"closed","ping_status":"closed","template":"page-forma5.php","meta":{"_acf_changed":false,"footnotes":""},"class_list":["post-5849","page","type-page","status-publish","has-post-thumbnail"],"acf":[],"yoast_head":"<!-- This site is optimized with the Yoast SEO plugin v25.2 - https:\/\/yoast.com\/wordpress\/plugins\/seo\/ -->\n<title>\u25b6 Soziale Verantwortung: M\u00f6belhersteller B\u00fcro - Gruppe Forma 5<\/title>\n<meta name=\"description\" content=\"Lesen Sie alles \u00fcber die soziale Verantwortung des Unternehmens, einschlie\u00dflich des Ethik-Kodex und herunterladbarer Dokumente, wie z. B. die Unternehmenspolitik. Erfahren Sie mehr!\" \/>\n<meta name=\"robots\" content=\"noindex, follow, max-snippet:-1, max-image-preview:large, max-video-preview:-1\" \/>\n<meta property=\"og:locale\" content=\"de_DE\" \/>\n<meta property=\"og:type\" content=\"article\" \/>\n<meta property=\"og:title\" content=\"\u25b6 Soziale Verantwortung: M\u00f6belhersteller B\u00fcro - Gruppe Forma 5\" \/>\n<meta property=\"og:description\" content=\"Lesen Sie alles \u00fcber die soziale Verantwortung des Unternehmens, einschlie\u00dflich des Ethik-Kodex und herunterladbarer Dokumente, wie z. B. die Unternehmenspolitik. Erfahren Sie mehr!\" \/>\n<meta property=\"og:url\" content=\"https:\/\/test.forma5.com\/de\/soziale-verantwortung\/\" \/>\n<meta property=\"og:site_name\" content=\"Forma 5\" \/>\n<meta property=\"article:modified_time\" content=\"2025-10-20T05:48:38+00:00\" \/>\n<meta property=\"og:image\" content=\"https:\/\/test.forma5.com\/wp-content\/uploads\/responsabilidad.webp\" \/>\n\t<meta property=\"og:image:width\" content=\"2358\" \/>\n\t<meta property=\"og:image:height\" content=\"1029\" \/>\n\t<meta property=\"og:image:type\" content=\"image\/webp\" \/>\n<meta name=\"twitter:card\" content=\"summary_large_image\" \/>\n<meta name=\"twitter:label1\" content=\"Gesch\u00e4tzte Lesezeit\" \/>\n\t<meta name=\"twitter:data1\" content=\"1\u00a0Minute\" \/>\n<script type=\"application\/ld+json\" class=\"yoast-schema-graph\">{\"@context\":\"https:\/\/schema.org\",\"@graph\":[{\"@type\":\"WebPage\",\"@id\":\"https:\/\/test.forma5.com\/de\/soziale-verantwortung\/\",\"url\":\"https:\/\/test.forma5.com\/de\/soziale-verantwortung\/\",\"name\":\"\u25b6 Soziale Verantwortung: M\u00f6belhersteller B\u00fcro - Gruppe Forma 5\",\"isPartOf\":{\"@id\":\"https:\/\/test.forma5.com\/de\/#website\"},\"primaryImageOfPage\":{\"@id\":\"https:\/\/test.forma5.com\/de\/soziale-verantwortung\/#primaryimage\"},\"image\":{\"@id\":\"https:\/\/test.forma5.com\/de\/soziale-verantwortung\/#primaryimage\"},\"thumbnailUrl\":\"https:\/\/test.forma5.com\/wp-content\/uploads\/responsabilidad.webp\",\"datePublished\":\"2024-03-14T14:12:47+00:00\",\"dateModified\":\"2025-10-20T05:48:38+00:00\",\"description\":\"Lesen Sie alles \u00fcber die soziale Verantwortung des Unternehmens, einschlie\u00dflich des Ethik-Kodex und herunterladbarer Dokumente, wie z. B. die Unternehmenspolitik. Erfahren Sie mehr!\",\"breadcrumb\":{\"@id\":\"https:\/\/test.forma5.com\/de\/soziale-verantwortung\/#breadcrumb\"},\"inLanguage\":\"de\",\"potentialAction\":[{\"@type\":\"ReadAction\",\"target\":[\"https:\/\/test.forma5.com\/de\/soziale-verantwortung\/\"]}]},{\"@type\":\"ImageObject\",\"inLanguage\":\"de\",\"@id\":\"https:\/\/test.forma5.com\/de\/soziale-verantwortung\/#primaryimage\",\"url\":\"https:\/\/test.forma5.com\/wp-content\/uploads\/responsabilidad.webp\",\"contentUrl\":\"https:\/\/test.forma5.com\/wp-content\/uploads\/responsabilidad.webp\",\"width\":2358,\"height\":1029},{\"@type\":\"BreadcrumbList\",\"@id\":\"https:\/\/test.forma5.com\/de\/soziale-verantwortung\/#breadcrumb\",\"itemListElement\":[{\"@type\":\"ListItem\",\"position\":1,\"name\":\"Portada\",\"item\":\"https:\/\/test.forma5.com\/de\/\"},{\"@type\":\"ListItem\",\"position\":2,\"name\":\"Soziale Verantwortung\"}]},{\"@type\":\"WebSite\",\"@id\":\"https:\/\/test.forma5.com\/de\/#website\",\"url\":\"https:\/\/test.forma5.com\/de\/\",\"name\":\"Forma 5\",\"description\":\"\",\"publisher\":{\"@id\":\"https:\/\/test.forma5.com\/de\/#organization\"},\"potentialAction\":[{\"@type\":\"SearchAction\",\"target\":{\"@type\":\"EntryPoint\",\"urlTemplate\":\"https:\/\/test.forma5.com\/de\/?s={search_term_string}\"},\"query-input\":{\"@type\":\"PropertyValueSpecification\",\"valueRequired\":true,\"valueName\":\"search_term_string\"}}],\"inLanguage\":\"de\"},{\"@type\":\"Organization\",\"@id\":\"https:\/\/test.forma5.com\/de\/#organization\",\"name\":\"Forma 5\",\"url\":\"https:\/\/test.forma5.com\/de\/\",\"logo\":{\"@type\":\"ImageObject\",\"inLanguage\":\"de\",\"@id\":\"https:\/\/test.forma5.com\/de\/#\/schema\/logo\/image\/\",\"url\":\"https:\/\/test.forma5.com\/wp-content\/uploads\/logo.svg\",\"contentUrl\":\"https:\/\/test.forma5.com\/wp-content\/uploads\/logo.svg\",\"width\":169,\"height\":36,\"caption\":\"Forma 5\"},\"image\":{\"@id\":\"https:\/\/test.forma5.com\/de\/#\/schema\/logo\/image\/\"}}]}<\/script>\n<!-- \/ Yoast SEO plugin. -->","yoast_head_json":{"title":"\u25b6 Soziale Verantwortung: M\u00f6belhersteller B\u00fcro - Gruppe Forma 5","description":"Lesen Sie alles \u00fcber die soziale Verantwortung des Unternehmens, einschlie\u00dflich des Ethik-Kodex und herunterladbarer Dokumente, wie z. B. die Unternehmenspolitik. Erfahren Sie mehr!","robots":{"index":"noindex","follow":"follow","max-snippet":"max-snippet:-1","max-image-preview":"max-image-preview:large","max-video-preview":"max-video-preview:-1"},"og_locale":"de_DE","og_type":"article","og_title":"\u25b6 Soziale Verantwortung: M\u00f6belhersteller B\u00fcro - Gruppe Forma 5","og_description":"Lesen Sie alles \u00fcber die soziale Verantwortung des Unternehmens, einschlie\u00dflich des Ethik-Kodex und herunterladbarer Dokumente, wie z. B. die Unternehmenspolitik. Erfahren Sie mehr!","og_url":"https:\/\/test.forma5.com\/de\/soziale-verantwortung\/","og_site_name":"Forma 5","article_modified_time":"2025-10-20T05:48:38+00:00","og_image":[{"width":2358,"height":1029,"url":"https:\/\/test.forma5.com\/wp-content\/uploads\/responsabilidad.webp","type":"image\/webp"}],"twitter_card":"summary_large_image","twitter_misc":{"Gesch\u00e4tzte Lesezeit":"1\u00a0Minute"},"schema":{"@context":"https:\/\/schema.org","@graph":[{"@type":"WebPage","@id":"https:\/\/test.forma5.com\/de\/soziale-verantwortung\/","url":"https:\/\/test.forma5.com\/de\/soziale-verantwortung\/","name":"\u25b6 Soziale Verantwortung: M\u00f6belhersteller B\u00fcro - Gruppe Forma 5","isPartOf":{"@id":"https:\/\/test.forma5.com\/de\/#website"},"primaryImageOfPage":{"@id":"https:\/\/test.forma5.com\/de\/soziale-verantwortung\/#primaryimage"},"image":{"@id":"https:\/\/test.forma5.com\/de\/soziale-verantwortung\/#primaryimage"},"thumbnailUrl":"https:\/\/test.forma5.com\/wp-content\/uploads\/responsabilidad.webp","datePublished":"2024-03-14T14:12:47+00:00","dateModified":"2025-10-20T05:48:38+00:00","description":"Lesen Sie alles \u00fcber die soziale Verantwortung des Unternehmens, einschlie\u00dflich des Ethik-Kodex und herunterladbarer Dokumente, wie z. B. die Unternehmenspolitik. Erfahren Sie mehr!","breadcrumb":{"@id":"https:\/\/test.forma5.com\/de\/soziale-verantwortung\/#breadcrumb"},"inLanguage":"de","potentialAction":[{"@type":"ReadAction","target":["https:\/\/test.forma5.com\/de\/soziale-verantwortung\/"]}]},{"@type":"ImageObject","inLanguage":"de","@id":"https:\/\/test.forma5.com\/de\/soziale-verantwortung\/#primaryimage","url":"https:\/\/test.forma5.com\/wp-content\/uploads\/responsabilidad.webp","contentUrl":"https:\/\/test.forma5.com\/wp-content\/uploads\/responsabilidad.webp","width":2358,"height":1029},{"@type":"BreadcrumbList","@id":"https:\/\/test.forma5.com\/de\/soziale-verantwortung\/#breadcrumb","itemListElement":[{"@type":"ListItem","position":1,"name":"Portada","item":"https:\/\/test.forma5.com\/de\/"},{"@type":"ListItem","position":2,"name":"Soziale Verantwortung"}]},{"@type":"WebSite","@id":"https:\/\/test.forma5.com\/de\/#website","url":"https:\/\/test.forma5.com\/de\/","name":"Forma 5","description":"","publisher":{"@id":"https:\/\/test.forma5.com\/de\/#organization"},"potentialAction":[{"@type":"SearchAction","target":{"@type":"EntryPoint","urlTemplate":"https:\/\/test.forma5.com\/de\/?s={search_term_string}"},"query-input":{"@type":"PropertyValueSpecification","valueRequired":true,"valueName":"search_term_string"}}],"inLanguage":"de"},{"@type":"Organization","@id":"https:\/\/test.forma5.com\/de\/#organization","name":"Forma 5","url":"https:\/\/test.forma5.com\/de\/","logo":{"@type":"ImageObject","inLanguage":"de","@id":"https:\/\/test.forma5.com\/de\/#\/schema\/logo\/image\/","url":"https:\/\/test.forma5.com\/wp-content\/uploads\/logo.svg","contentUrl":"https:\/\/test.forma5.com\/wp-content\/uploads\/logo.svg","width":169,"height":36,"caption":"Forma 5"},"image":{"@id":"https:\/\/test.forma5.com\/de\/#\/schema\/logo\/image\/"}}]}},"_links":{"self":[{"href":"https:\/\/test.forma5.com\/de\/wp-json\/wp\/v2\/pages\/5849","targetHints":{"allow":["GET"]}}],"collection":[{"href":"https:\/\/test.forma5.com\/de\/wp-json\/wp\/v2\/pages"}],"about":[{"href":"https:\/\/test.forma5.com\/de\/wp-json\/wp\/v2\/types\/page"}],"author":[{"embeddable":true,"href":"https:\/\/test.forma5.com\/de\/wp-json\/wp\/v2\/users\/1"}],"replies":[{"embeddable":true,"href":"https:\/\/test.forma5.com\/de\/wp-json\/wp\/v2\/comments?post=5849"}],"version-history":[{"count":0,"href":"https:\/\/test.forma5.com\/de\/wp-json\/wp\/v2\/pages\/5849\/revisions"}],"wp:featuredmedia":[{"embeddable":true,"href":"https:\/\/test.forma5.com\/de\/wp-json\/wp\/v2\/media\/5850"}],"wp:attachment":[{"href":"https:\/\/test.forma5.com\/de\/wp-json\/wp\/v2\/media?parent=5849"}],"curies":[{"name":"wp","href":"https:\/\/api.w.org\/{rel}","templated":true}]}}